{"id":2166,"date":"2024-01-04T12:26:18","date_gmt":"2024-01-04T11:26:18","guid":{"rendered":"https:\/\/domkikamieniec.pl\/booking\/"},"modified":"2024-08-16T14:36:10","modified_gmt":"2024-08-16T12:36:10","slug":"booking","status":"publish","type":"page","link":"https:\/\/domkikamieniec.pl\/en\/booking\/","title":{"rendered":"Booking"},"content":{"rendered":"<p>[et_pb_section fb_built=&#8221;1&#8243; custom_padding_last_edited=&#8221;on|desktop&#8221; _builder_version=&#8221;4.24.2&#8243; _module_preset=&#8221;default&#8221; background_color=&#8221;#FFFFFF&#8221; background_enable_image=&#8221;off&#8221; background_position=&#8221;top_center&#8221; custom_margin_tablet=&#8221;&#8221; custom_margin_phone=&#8221;&#8221; custom_margin_last_edited=&#8221;on|tablet&#8221; custom_padding=&#8221;50px||50px||true|false&#8221; custom_padding_tablet=&#8221;10px||10px||true|false&#8221; custom_padding_phone=&#8221;10px||10px||true|false&#8221; global_colors_info=&#8221;{}&#8221;][et_pb_row custom_padding_last_edited=&#8221;on|tablet&#8221; _builder_version=&#8221;4.24.3&#8243; _module_preset=&#8221;default&#8221; custom_padding_tablet=&#8221;5px||0px||false|false&#8221; custom_padding_phone=&#8221;||0px||false|false&#8221; global_colors_info=&#8221;{}&#8221;][et_pb_column type=&#8221;4_4&#8243; _builder_version=&#8221;4.23.4&#8243; _module_preset=&#8221;default&#8221; global_colors_info=&#8221;{}&#8221;][et_pb_text _builder_version=&#8221;4.24.3&#8243; _module_preset=&#8221;_initial&#8221; header_font=&#8221;Crimson Text||||||||&#8221; header_text_align=&#8221;center&#8221; header_text_color=&#8221;#52443b&#8221; header_line_height=&#8221;1.2em&#8221; header_2_font=&#8221;Crimson Text||||||||&#8221; header_2_text_align=&#8221;center&#8221; header_2_font_size=&#8221;48px&#8221; header_2_line_height=&#8221;1.2em&#8221; header_5_font_size=&#8221;24px&#8221; custom_margin=&#8221;||0px||false|false&#8221; animation_style=&#8221;fade&#8221; header_font_size_tablet=&#8221;32px&#8221; header_font_size_phone=&#8221;32px&#8221; header_font_size_last_edited=&#8221;on|desktop&#8221; header_2_font_size_tablet=&#8221;32px&#8221; header_2_font_size_phone=&#8221;&#8221; header_2_font_size_last_edited=&#8221;on|phone&#8221; locked=&#8221;off&#8221; global_colors_info=&#8221;{}&#8221;]<\/p>\n<h2>Booking<\/h2>\n<p>[\/et_pb_text][et_pb_divider color=&#8221;#bc7630&#8243; divider_weight=&#8221;5px&#8221; _builder_version=&#8221;4.23.4&#8243; _module_preset=&#8221;default&#8221; width=&#8221;15%&#8221; module_alignment=&#8221;center&#8221; custom_padding=&#8221;0px||0px||true|false&#8221; animation_style=&#8221;slide&#8221; animation_delay=&#8221;500ms&#8221; animation_intensity_slide=&#8221;10%&#8221; locked=&#8221;off&#8221; global_colors_info=&#8221;{}&#8221;][\/et_pb_divider][\/et_pb_column][\/et_pb_row][et_pb_row custom_padding_last_edited=&#8221;on|tablet&#8221; _builder_version=&#8221;4.24.3&#8243; _module_preset=&#8221;default&#8221; custom_padding=&#8221;30px||0px||false|false&#8221; custom_padding_tablet=&#8221;10px||0px||false|false&#8221; custom_padding_phone=&#8221;10px||0px||false|false&#8221; global_colors_info=&#8221;{}&#8221;][et_pb_column type=&#8221;4_4&#8243; _builder_version=&#8221;4.23.4&#8243; _module_preset=&#8221;default&#8221; global_colors_info=&#8221;{}&#8221;][mphb-divi-availability-search adults=&#8221;2&#8243; form_style=&#8221;horizontal-center&#8221; class=&#8221;kma-rezerwacja&#8221; disabled_on=&#8221;off|off|off&#8221; _builder_version=&#8221;4.25.0&#8243; _module_preset=&#8221;default&#8221; custom_margin_tablet=&#8221;||0px||false|false&#8221; custom_margin_phone=&#8221;||0px||false|false&#8221; custom_margin_last_edited=&#8221;on|tablet&#8221; animation_style=&#8221;fade&#8221; animation_delay=&#8221;750ms&#8221; animation_starting_opacity=&#8221;6%&#8221; global_colors_info=&#8221;{}&#8221;][\/mphb-divi-availability-search][mphb-divi-search-results featured_image=&#8221;off&#8221; gallery=&#8221;off&#8221; excerpt=&#8221;off&#8221; details=&#8221;off&#8221; price=&#8221;off&#8221; view_button=&#8221;off&#8221; disabled_on=&#8221;off|off|off&#8221; module_class=&#8221;kma-rezerwacja&#8221; _builder_version=&#8221;4.25.0&#8243; _module_preset=&#8221;default&#8221; global_colors_info=&#8221;{}&#8221;][\/mphb-divi-search-results][et_pb_code _builder_version=&#8221;4.27.0&#8243; _module_preset=&#8221;default&#8221; hover_enabled=&#8221;0&#8243; global_colors_info=&#8221;{}&#8221; sticky_enabled=&#8221;0&#8243; disabled_on=&#8221;off|off|off&#8221;]<script><!-- [et_pb_line_break_holder] -->        jQuery(document).ready(function($) {<!-- [et_pb_line_break_holder] -->            \/\/ Find the target div with class 'mphb-reservation-details'<!-- [et_pb_line_break_holder] -->            var reservationDetails = $('.mphb-reservation-cart');<!-- [et_pb_line_break_holder] -->            <!-- [et_pb_line_break_holder] -->            \/\/ Move the target div to the end of its parent container<!-- [et_pb_line_break_holder] -->            reservationDetails.appendTo('.mphb_sc_search_results-wrapper');<!-- [et_pb_line_break_holder] -->        });<!-- [et_pb_line_break_holder] --><\/script>[\/et_pb_code][\/et_pb_column][\/et_pb_row][et_pb_row custom_padding_last_edited=&#8221;on|tablet&#8221; _builder_version=&#8221;4.24.3&#8243; _module_preset=&#8221;default&#8221; custom_padding_tablet=&#8221;||0px||false|false&#8221; custom_padding_phone=&#8221;||0px||false|false&#8221; locked=&#8221;off&#8221; global_colors_info=&#8221;{}&#8221;][et_pb_column type=&#8221;4_4&#8243; _builder_version=&#8221;4.23.4&#8243; _module_preset=&#8221;default&#8221; global_colors_info=&#8221;{}&#8221;][et_pb_divider color=&#8221;rgba(82,68,59,0.2)&#8221; divider_weight=&#8221;1px&#8221; _builder_version=&#8221;4.23.4&#8243; _module_preset=&#8221;default&#8221; width=&#8221;100%&#8221; module_alignment=&#8221;center&#8221; custom_padding=&#8221;0px||0px||true|false&#8221; animation_style=&#8221;slide&#8221; animation_delay=&#8221;500ms&#8221; animation_intensity_slide=&#8221;10%&#8221; locked=&#8221;off&#8221; global_colors_info=&#8221;{}&#8221;][\/et_pb_divider][\/et_pb_column][\/et_pb_row][et_pb_row make_equal=&#8221;on&#8221; custom_padding_last_edited=&#8221;on|tablet&#8221; disabled_on=&#8221;on|on|on&#8221; _builder_version=&#8221;4.27.0&#8243; _module_preset=&#8221;default&#8221; background_enable_image=&#8221;off&#8221; custom_padding=&#8221;0px|0px||10px|false|false&#8221; custom_padding_tablet=&#8221;|0px||0px|false|true&#8221; custom_padding_phone=&#8221;|0px||0px|false|true&#8221; disabled=&#8221;on&#8221; global_colors_info=&#8221;{}&#8221;][et_pb_column type=&#8221;4_4&#8243; _builder_version=&#8221;4.23.4&#8243; _module_preset=&#8221;default&#8221; global_colors_info=&#8221;{}&#8221;][et_pb_text disabled_on=&#8221;off|off|off&#8221; _builder_version=&#8221;4.24.2&#8243; _module_preset=&#8221;default&#8221; text_font=&#8221;|700|||||||&#8221; text_text_color=&#8221;#666666&#8243; text_font_size=&#8221;18px&#8221; header_text_align=&#8221;center&#8221; header_4_font=&#8221;|700|||||||&#8221; header_4_text_align=&#8221;center&#8221; header_4_font_size=&#8221;24px&#8221; header_5_font=&#8221;|700|||||||&#8221; header_5_text_align=&#8221;center&#8221; header_5_font_size=&#8221;24px&#8221; module_alignment=&#8221;center&#8221; custom_margin=&#8221;5px||10px||false|false&#8221; custom_padding=&#8221;||||false|false&#8221; animation_style=&#8221;fade&#8221; animation_delay=&#8221;150ms&#8221; animation_starting_opacity=&#8221;5%&#8221; locked=&#8221;off&#8221; global_colors_info=&#8221;{}&#8221;]<\/p>\n<h5>Houses availability<\/h5>\n<p>[\/et_pb_text][\/et_pb_column][\/et_pb_row][et_pb_row column_structure=&#8221;1_2,1_2&#8243; disabled_on=&#8221;on|on|on&#8221; _builder_version=&#8221;4.27.0&#8243; _module_preset=&#8221;default&#8221; custom_padding=&#8221;0px||15px||false|false&#8221; hover_enabled=&#8221;0&#8243; global_colors_info=&#8221;{}&#8221; disabled=&#8221;on&#8221; sticky_enabled=&#8221;0&#8243;][et_pb_column type=&#8221;1_2&#8243; _builder_version=&#8221;4.23.4&#8243; _module_preset=&#8221;default&#8221; global_colors_info=&#8221;{}&#8221;][et_pb_text disabled_on=&#8221;off|off|off&#8221; _builder_version=&#8221;4.24.2&#8243; _module_preset=&#8221;default&#8221; text_font=&#8221;|700|||||||&#8221; text_text_color=&#8221;#666666&#8243; text_font_size=&#8221;18px&#8221; header_text_align=&#8221;left&#8221; header_4_font=&#8221;|700|||||||&#8221; header_4_text_align=&#8221;left&#8221; header_4_font_size=&#8221;24px&#8221; header_5_font=&#8221;|700|||||||&#8221; header_5_text_align=&#8221;center&#8221; header_5_font_size=&#8221;24px&#8221; module_alignment=&#8221;center&#8221; custom_margin=&#8221;||10px||false|false&#8221; custom_padding=&#8221;|||2px|false|false&#8221; animation_style=&#8221;fade&#8221; animation_delay=&#8221;150ms&#8221; animation_starting_opacity=&#8221;5%&#8221; locked=&#8221;off&#8221; global_colors_info=&#8221;{}&#8221;]<\/p>\n<h5>House A<\/h5>\n<p>[\/et_pb_text][mphb-divi-availability-calendar id=&#8221;1549&#8243; monthstoshow=&#8221;3&#8243; truncate_price=&#8221;off&#8221; disabled_on=&#8221;off|off|off&#8221; _builder_version=&#8221;4.25.0&#8243; _module_preset=&#8221;default&#8221; animation_style=&#8221;slide&#8221; animation_direction=&#8221;bottom&#8221; animation_delay=&#8221;600ms&#8221; animation_intensity_slide=&#8221;5%&#8221; global_colors_info=&#8221;{}&#8221;][\/mphb-divi-availability-calendar][\/et_pb_column][et_pb_column type=&#8221;1_2&#8243; _builder_version=&#8221;4.23.4&#8243; _module_preset=&#8221;default&#8221; global_colors_info=&#8221;{}&#8221;][et_pb_text disabled_on=&#8221;off|off|off&#8221; _builder_version=&#8221;4.24.2&#8243; _module_preset=&#8221;default&#8221; text_font=&#8221;|700|||||||&#8221; text_text_color=&#8221;#666666&#8243; text_font_size=&#8221;18px&#8221; header_text_align=&#8221;left&#8221; header_4_font=&#8221;|700|||||||&#8221; header_4_text_align=&#8221;left&#8221; header_4_font_size=&#8221;24px&#8221; header_5_font=&#8221;|700|||||||&#8221; header_5_text_align=&#8221;center&#8221; header_5_font_size=&#8221;24px&#8221; module_alignment=&#8221;center&#8221; custom_margin=&#8221;||10px||false|false&#8221; custom_padding=&#8221;|||2px|false|false&#8221; animation_style=&#8221;fade&#8221; animation_delay=&#8221;150ms&#8221; animation_starting_opacity=&#8221;5%&#8221; locked=&#8221;off&#8221; global_colors_info=&#8221;{}&#8221;]<\/p>\n<h5>House B<\/h5>\n<p>[\/et_pb_text][mphb-divi-availability-calendar id=&#8221;855&#8243; monthstoshow=&#8221;3&#8243; truncate_price=&#8221;off&#8221; disabled_on=&#8221;off|off|off&#8221; _builder_version=&#8221;4.25.0&#8243; _module_preset=&#8221;default&#8221; animation_style=&#8221;slide&#8221; animation_direction=&#8221;bottom&#8221; animation_delay=&#8221;600ms&#8221; animation_intensity_slide=&#8221;5%&#8221; global_colors_info=&#8221;{}&#8221;][\/mphb-divi-availability-calendar][\/et_pb_column][\/et_pb_row][\/et_pb_section]<\/p>\n","protected":false},"excerpt":{"rendered":"<p>Booking<div class=\"et_pb_module mphb-divi-availability-search mphb-divi-availability-search_0 et_animated\">\n\t\t\t\t\n\t\t\t\t\n\t\t\t\t\n\t\t\t\t\n\t\t\t\t\n\t\t\t\t\n\t\t\t\t<div class=\"et_pb_module_inner\">\n\t\t\t\t\t<div class=\"mphb_sc_search-wrapper kma-rezerwacja horizontal-center\">\n<form method=\"GET\" class=\"mphb_sc_search-form\" action=\"https:\/\/domkikamieniec.pl\/en\/booking\/\" data-first_available_check_in_date=\"2026-04-30\">\n\n\t<p class = \"mphb-required-fields-tip\">\n\t<small>\n\t\tRequired fields are followed by\t\t<abbr title=\"required\">*<\/abbr>\n\t<\/small>\n<\/p>\n\n\t<p class=\"mphb_sc_search-check-in-date\">\n\t\t<label for=\"mphb_check_in_date-mphb-search-form-69f3aa6d546b2\">\n\t\t\tCheck-in\t\t\t<abbr title=\"Formatted as dd\/mm\/yyyy\">*<\/abbr>\n\t\t<\/label>\n\t\t<br \/>\n\t\t<input\n\t\t\tid=\"mphb_check_in_date-mphb-search-form-69f3aa6d546b2\"\n\t\t\tdata-datepick-group=\"mphb-search-form-69f3aa6d546b2\"\n\t\t\tvalue=\"\"\n\t\t\tplaceholder=\"Check-in Date\"\n\t\t\trequired=\"required\"\n\t\t\ttype=\"text\"\n\t\t\tinputmode=\"none\"\n\t\t\tname=\"mphb_check_in_date\"\n\t\t\tclass=\"mphb-datepick\"\n\t\t\tautocomplete=\"off\"\n\t\t\t\/>\n\t<\/p>\n\n\t<p class=\"mphb_sc_search-check-out-date\">\n\t\t<label for=\"mphb_check_out_date-mphb-search-form-69f3aa6d546b2\">\n\t\t\tCheck-out\t\t\t<abbr title=\"Formatted as dd\/mm\/yyyy\">*<\/abbr>\n\t\t<\/label>\n\t\t<br \/>\n\t\t<input\n\t\t\tid=\"mphb_check_out_date-mphb-search-form-69f3aa6d546b2\"\n\t\t\tdata-datepick-group=\"mphb-search-form-69f3aa6d546b2\"\n\t\t\tvalue=\"\"\n\t\t\tplaceholder=\"Check-out Date\"\n\t\t\trequired=\"required\"\n\t\t\ttype=\"text\"\n\t\t\tinputmode=\"none\"\n\t\t\tname=\"mphb_check_out_date\"\n\t\t\tclass=\"mphb-datepick\"\n\t\t\tautocomplete=\"off\"\n\t\t\t\/>\n\t<\/p>\n\n\t\t\t<p class=\"mphb_sc_search-adults\">\n\t\t\t<label for=\"mphb_adults-mphb-search-form-69f3aa6d546b2\">\n\t\t\t\tGuests\t\t\t<\/label>\n\t\t\t<br \/>\n\t\t\t<select id=\"mphb_adults-mphb-search-form-69f3aa6d546b2\" name=\"mphb_adults\" >\n\t\t\t\t\t\t\t\t\t<option value=\"1\" >1<\/option>\n\t\t\t\t\t\t\t\t\t<option value=\"2\"  selected='selected'>2<\/option>\n\t\t\t\t\t\t\t\t\t<option value=\"3\" >3<\/option>\n\t\t\t\t\t\t\t\t\t<option value=\"4\" >4<\/option>\n\t\t\t\t\t\t\t\t\t<option value=\"5\" >5<\/option>\n\t\t\t\t\t\t\t\t\t<option value=\"6\" >6<\/option>\n\t\t\t\t\t\t\t\t\t<option value=\"7\" >7<\/option>\n\t\t\t\t\t\t\t\t\t<option value=\"8\" >8<\/option>\n\t\t\t\t\t\t\t\t\t<option value=\"9\" >9<\/option>\n\t\t\t\t\t\t\t\t\t<option value=\"10\" >10<\/option>\n\t\t\t\t\t\t\t\t\t<option value=\"11\" >11<\/option>\n\t\t\t\t\t\t\t\t\t<option value=\"12\" >12<\/option>\n\t\t\t\t\t\t\t<\/select>\n\t\t<\/p>\n\t\n\t\t\t<input type=\"hidden\" id=\"mphb_children-mphb-search-form-69f3aa6d546b2\" name=\"mphb_children\" value=\"0\" \/>\n\t\n\t\n\t\n\t<input id=\"mphb_check_in_date-mphb-search-form-69f3aa6d546b2-hidden\" value=\"\" type=\"hidden\" name=\"mphb_check_in_date\" \/><input id=\"mphb_check_out_date-mphb-search-form-69f3aa6d546b2-hidden\" value=\"\" type=\"hidden\" name=\"mphb_check_out_date\" \/>\n\t<p class=\"mphb_sc_search-submit-button-wrapper\">\n\t\t<input type=\"submit\" class=\"button\" value=\"Search\"\/>\n\t<\/p>\n\n\t\n<\/form>\n<\/div>\n\t\t\t\t<\/div>\n\t\t\t<\/div><div class=\"et_pb_module mphb-divi-search-results mphb-divi-search-results_0 kma-rezerwacja\">\n\t\t\t\t\n\t\t\t\t\n\t\t\t\t\n\t\t\t\t\n\t\t\t\t\n\t\t\t\t\n\t\t\t\t<div class=\"et_pb_module_inner\">\n\t\t\t\t\t<div class=\"mphb_sc_search_results-wrapper \"><div class=\"mphb-errors-wrapper\">\n\t<\/div>\n<\/div>\n\t\t\t\t<\/div>\n\t\t\t<\/div>Houses availabilityHouse A<div class=\"et_pb_module mphb-divi-availability-calendar mphb-divi-availability-calendar_0 et_animated\">\n\t\t\t\t\n\t\t\t\t\n\t\t\t\t\n\t\t\t\t\n\t\t\t\t\n\t\t\t\t\n\t\t\t\t<div class=\"et_pb_module_inner\">\n\t\t\t\t\t<div class=\"mphb_sc_availability_calendar-wrapper\">\t<div class=\"mphb-calendar mphb-datepick inlinePicker mphb-calendar--direct-booking\" data-room-type-id=\"1549\" data-monthstoshow=\"3\" data-is_show_prices=\"0\" data-is_truncate_prices=\"0\" data-is_show_prices_currency=\"0\" data-first_available_check_in_date=\"2026-04-30\"><\/div>\n\t<\/div>\n\t\t\t\t<\/div>\n\t\t\t<\/div>House B<div class=\"et_pb_module mphb-divi-availability-calendar mphb-divi-availability-calendar_1 et_animated\">\n\t\t\t\t\n\t\t\t\t\n\t\t\t\t\n\t\t\t\t\n\t\t\t\t\n\t\t\t\t\n\t\t\t\t<div class=\"et_pb_module_inner\">\n\t\t\t\t\t<div class=\"mphb_sc_availability_calendar-wrapper\">\t<div class=\"mphb-calendar mphb-datepick inlinePicker mphb-calendar--direct-booking\" data-room-type-id=\"855\" data-monthstoshow=\"3\" data-is_show_prices=\"0\" data-is_truncate_prices=\"0\" data-is_show_prices_currency=\"0\" data-first_available_check_in_date=\"2026-04-30\"><\/div>\n\t<\/div>\n\t\t\t\t<\/div>\n\t\t\t<\/div><\/p>\n","protected":false},"author":1,"featured_media":0,"parent":0,"menu_order":0,"comment_status":"closed","ping_status":"closed","template":"","meta":{"_et_pb_use_builder":"on","_et_pb_old_content":"","_et_gb_content_width":"","footnotes":""},"class_list":["post-2166","page","type-page","status-publish","hentry"],"yoast_head":"<!-- This site is optimized with the Yoast SEO Premium plugin v25.8 (Yoast SEO v25.8) - https:\/\/yoast.com\/wordpress\/plugins\/seo\/ -->\n<title>Booking - Ca\u0142oroczne Domki Kamieniec - Wynajem Marcypor\u0119ba Krak\u00f3w<\/title>\n<meta name=\"description\" content=\"Booking wynajem domk\u00f3w z jacuzzi i z saun\u0105 Marcypor\u0119ba, domek wynajem Kamieniec k. Krakowa, ma\u0142opolskie, rodzinny wypoczynek domki Dolny \u015al\u0105sk, domki z saun\u0105 z placem zabaw Marcypor\u0119ba\" \/>\n<meta name=\"robots\" content=\"index, follow, max-snippet:-1, max-image-preview:large, max-video-preview:-1\" \/>\n<link rel=\"canonical\" href=\"https:\/\/domkikamieniec.pl\/en\/booking\/\" \/>\n<meta property=\"og:locale\" content=\"en_US\" \/>\n<meta property=\"og:type\" content=\"article\" \/>\n<meta property=\"og:title\" content=\"Booking\" \/>\n<meta property=\"og:description\" content=\"Wynajem domk\u00f3w z jacuzzi i z saun\u0105, domek wynajem Kamieniec Marcypor\u0119ba k. Krakowa, ma\u0142opolskie, rodzinny wypoczynek domki Dolny \u015al\u0105sk, domki z saun\u0105 z placem zabaw Marcypor\u0119ba\" \/>\n<meta property=\"og:url\" content=\"https:\/\/domkikamieniec.pl\/en\/booking\/\" \/>\n<meta property=\"og:site_name\" content=\"Ca\u0142oroczne Domki Kamieniec - Wynajem Marcypor\u0119ba Krak\u00f3w\" \/>\n<meta property=\"article:publisher\" content=\"https:\/\/www.facebook.com\/profile.php?id=61556416964708\" \/>\n<meta property=\"article:modified_time\" content=\"2024-08-16T12:36:10+00:00\" \/>\n<meta property=\"og:image\" content=\"https:\/\/domkikamieniec.pl\/wp-content\/uploads\/2024\/01\/domki-kamieniec-caloroczne-domki-galeria-60.jpg\" \/>\n\t<meta property=\"og:image:width\" content=\"1400\" \/>\n\t<meta property=\"og:image:height\" content=\"1050\" \/>\n\t<meta property=\"og:image:type\" content=\"image\/jpeg\" \/>\n<meta name=\"twitter:card\" content=\"summary_large_image\" \/>\n<meta name=\"twitter:label1\" content=\"Est. reading time\" \/>\n\t<meta name=\"twitter:data1\" content=\"5 minutes\" \/>\n<script type=\"application\/ld+json\" class=\"yoast-schema-graph\">{\"@context\":\"https:\/\/schema.org\",\"@graph\":[{\"@type\":\"WebPage\",\"@id\":\"https:\/\/domkikamieniec.pl\/en\/booking\/\",\"url\":\"https:\/\/domkikamieniec.pl\/en\/booking\/\",\"name\":\"Booking - Ca\u0142oroczne Domki Kamieniec - Wynajem Marcypor\u0119ba Krak\u00f3w\",\"isPartOf\":{\"@id\":\"https:\/\/domkikamieniec.pl\/en\/#website\"},\"datePublished\":\"2024-01-04T11:26:18+00:00\",\"dateModified\":\"2024-08-16T12:36:10+00:00\",\"description\":\"Booking wynajem domk\u00f3w z jacuzzi i z saun\u0105 Marcypor\u0119ba, domek wynajem Kamieniec k. Krakowa, ma\u0142opolskie, rodzinny wypoczynek domki Dolny \u015al\u0105sk, domki z saun\u0105 z placem zabaw Marcypor\u0119ba\",\"breadcrumb\":{\"@id\":\"https:\/\/domkikamieniec.pl\/en\/booking\/#breadcrumb\"},\"inLanguage\":\"en-US\",\"potentialAction\":[{\"@type\":\"ReadAction\",\"target\":[\"https:\/\/domkikamieniec.pl\/en\/booking\/\"]}]},{\"@type\":\"BreadcrumbList\",\"@id\":\"https:\/\/domkikamieniec.pl\/en\/booking\/#breadcrumb\",\"itemListElement\":[{\"@type\":\"ListItem\",\"position\":1,\"name\":\"Strona g\u0142\u00f3wna\",\"item\":\"https:\/\/domkikamieniec.pl\/en\/\"},{\"@type\":\"ListItem\",\"position\":2,\"name\":\"Booking\"}]},{\"@type\":\"WebSite\",\"@id\":\"https:\/\/domkikamieniec.pl\/en\/#website\",\"url\":\"https:\/\/domkikamieniec.pl\/en\/\",\"name\":\"Domki Kamieniec - Luksus w sercu natury Marcypor\u0119ba blisko Krakowa\",\"description\":\"Wynajem ca\u0142orocznych Domk\u00f3w - Luksus w sercu natury\",\"publisher\":{\"@id\":\"https:\/\/domkikamieniec.pl\/en\/#organization\"},\"alternateName\":\"Domki Kamieniec Marcypor\u0119ba \/ Krak\u00f3w\",\"potentialAction\":[{\"@type\":\"SearchAction\",\"target\":{\"@type\":\"EntryPoint\",\"urlTemplate\":\"https:\/\/domkikamieniec.pl\/en\/?s={search_term_string}\"},\"query-input\":{\"@type\":\"PropertyValueSpecification\",\"valueRequired\":true,\"valueName\":\"search_term_string\"}}],\"inLanguage\":\"en-US\"},{\"@type\":\"Organization\",\"@id\":\"https:\/\/domkikamieniec.pl\/en\/#organization\",\"name\":\"Domkikamieniec.pl\",\"alternateName\":\"Ca\u0142oroczne ~ Domki Kamieniec ~ Marcypor\u0119ba\",\"url\":\"https:\/\/domkikamieniec.pl\/en\/\",\"logo\":{\"@type\":\"ImageObject\",\"inLanguage\":\"en-US\",\"@id\":\"https:\/\/domkikamieniec.pl\/en\/#\/schema\/logo\/image\/\",\"url\":\"https:\/\/domkikamieniec.pl\/wp-content\/uploads\/2024\/01\/cropped-domki-kamieniec-logo-512x512-1.png\",\"contentUrl\":\"https:\/\/domkikamieniec.pl\/wp-content\/uploads\/2024\/01\/cropped-domki-kamieniec-logo-512x512-1.png\",\"width\":512,\"height\":512,\"caption\":\"Domkikamieniec.pl\"},\"image\":{\"@id\":\"https:\/\/domkikamieniec.pl\/en\/#\/schema\/logo\/image\/\"},\"sameAs\":[\"https:\/\/www.facebook.com\/profile.php?id=61556416964708\",\"https:\/\/www.instagram.com\/domkikamieniec\/\"],\"description\":\"Wynajem ca\u0142orocznych domk\u00f3w w Marcypor\u0119bie blisko Krakowa w woj. ma\u0142opolskim. Domki z pe\u0142n\u0105 infrastruktur\u0105: boisko, jaccuzi, sauna.\",\"email\":\"domki@domkikamieniec.pl\",\"telephone\":\"451258666\"}]}<\/script>\n<!-- \/ Yoast SEO Premium plugin. -->","yoast_head_json":{"title":"Booking - Ca\u0142oroczne Domki Kamieniec - Wynajem Marcypor\u0119ba Krak\u00f3w","description":"Booking wynajem domk\u00f3w z jacuzzi i z saun\u0105 Marcypor\u0119ba, domek wynajem Kamieniec k. Krakowa, ma\u0142opolskie, rodzinny wypoczynek domki Dolny \u015al\u0105sk, domki z saun\u0105 z placem zabaw Marcypor\u0119ba","robots":{"index":"index","follow":"follow","max-snippet":"max-snippet:-1","max-image-preview":"max-image-preview:large","max-video-preview":"max-video-preview:-1"},"canonical":"https:\/\/domkikamieniec.pl\/en\/booking\/","og_locale":"en_US","og_type":"article","og_title":"Booking","og_description":"Wynajem domk\u00f3w z jacuzzi i z saun\u0105, domek wynajem Kamieniec Marcypor\u0119ba k. Krakowa, ma\u0142opolskie, rodzinny wypoczynek domki Dolny \u015al\u0105sk, domki z saun\u0105 z placem zabaw Marcypor\u0119ba","og_url":"https:\/\/domkikamieniec.pl\/en\/booking\/","og_site_name":"Ca\u0142oroczne Domki Kamieniec - Wynajem Marcypor\u0119ba Krak\u00f3w","article_publisher":"https:\/\/www.facebook.com\/profile.php?id=61556416964708","article_modified_time":"2024-08-16T12:36:10+00:00","og_image":[{"width":1400,"height":1050,"url":"https:\/\/domkikamieniec.pl\/wp-content\/uploads\/2024\/01\/domki-kamieniec-caloroczne-domki-galeria-60.jpg","type":"image\/jpeg"}],"twitter_card":"summary_large_image","twitter_misc":{"Est. reading time":"5 minutes"},"schema":{"@context":"https:\/\/schema.org","@graph":[{"@type":"WebPage","@id":"https:\/\/domkikamieniec.pl\/en\/booking\/","url":"https:\/\/domkikamieniec.pl\/en\/booking\/","name":"Booking - Ca\u0142oroczne Domki Kamieniec - Wynajem Marcypor\u0119ba Krak\u00f3w","isPartOf":{"@id":"https:\/\/domkikamieniec.pl\/en\/#website"},"datePublished":"2024-01-04T11:26:18+00:00","dateModified":"2024-08-16T12:36:10+00:00","description":"Booking wynajem domk\u00f3w z jacuzzi i z saun\u0105 Marcypor\u0119ba, domek wynajem Kamieniec k. Krakowa, ma\u0142opolskie, rodzinny wypoczynek domki Dolny \u015al\u0105sk, domki z saun\u0105 z placem zabaw Marcypor\u0119ba","breadcrumb":{"@id":"https:\/\/domkikamieniec.pl\/en\/booking\/#breadcrumb"},"inLanguage":"en-US","potentialAction":[{"@type":"ReadAction","target":["https:\/\/domkikamieniec.pl\/en\/booking\/"]}]},{"@type":"BreadcrumbList","@id":"https:\/\/domkikamieniec.pl\/en\/booking\/#breadcrumb","itemListElement":[{"@type":"ListItem","position":1,"name":"Strona g\u0142\u00f3wna","item":"https:\/\/domkikamieniec.pl\/en\/"},{"@type":"ListItem","position":2,"name":"Booking"}]},{"@type":"WebSite","@id":"https:\/\/domkikamieniec.pl\/en\/#website","url":"https:\/\/domkikamieniec.pl\/en\/","name":"Domki Kamieniec - Luksus w sercu natury Marcypor\u0119ba blisko Krakowa","description":"Wynajem ca\u0142orocznych Domk\u00f3w - Luksus w sercu natury","publisher":{"@id":"https:\/\/domkikamieniec.pl\/en\/#organization"},"alternateName":"Domki Kamieniec Marcypor\u0119ba \/ Krak\u00f3w","potentialAction":[{"@type":"SearchAction","target":{"@type":"EntryPoint","urlTemplate":"https:\/\/domkikamieniec.pl\/en\/?s={search_term_string}"},"query-input":{"@type":"PropertyValueSpecification","valueRequired":true,"valueName":"search_term_string"}}],"inLanguage":"en-US"},{"@type":"Organization","@id":"https:\/\/domkikamieniec.pl\/en\/#organization","name":"Domkikamieniec.pl","alternateName":"Ca\u0142oroczne ~ Domki Kamieniec ~ Marcypor\u0119ba","url":"https:\/\/domkikamieniec.pl\/en\/","logo":{"@type":"ImageObject","inLanguage":"en-US","@id":"https:\/\/domkikamieniec.pl\/en\/#\/schema\/logo\/image\/","url":"https:\/\/domkikamieniec.pl\/wp-content\/uploads\/2024\/01\/cropped-domki-kamieniec-logo-512x512-1.png","contentUrl":"https:\/\/domkikamieniec.pl\/wp-content\/uploads\/2024\/01\/cropped-domki-kamieniec-logo-512x512-1.png","width":512,"height":512,"caption":"Domkikamieniec.pl"},"image":{"@id":"https:\/\/domkikamieniec.pl\/en\/#\/schema\/logo\/image\/"},"sameAs":["https:\/\/www.facebook.com\/profile.php?id=61556416964708","https:\/\/www.instagram.com\/domkikamieniec\/"],"description":"Wynajem ca\u0142orocznych domk\u00f3w w Marcypor\u0119bie blisko Krakowa w woj. ma\u0142opolskim. Domki z pe\u0142n\u0105 infrastruktur\u0105: boisko, jaccuzi, sauna.","email":"domki@domkikamieniec.pl","telephone":"451258666"}]}},"_links":{"self":[{"href":"https:\/\/domkikamieniec.pl\/en\/wp-json\/wp\/v2\/pages\/2166","targetHints":{"allow":["GET"]}}],"collection":[{"href":"https:\/\/domkikamieniec.pl\/en\/wp-json\/wp\/v2\/pages"}],"about":[{"href":"https:\/\/domkikamieniec.pl\/en\/wp-json\/wp\/v2\/types\/page"}],"author":[{"embeddable":true,"href":"https:\/\/domkikamieniec.pl\/en\/wp-json\/wp\/v2\/users\/1"}],"replies":[{"embeddable":true,"href":"https:\/\/domkikamieniec.pl\/en\/wp-json\/wp\/v2\/comments?post=2166"}],"version-history":[{"count":3,"href":"https:\/\/domkikamieniec.pl\/en\/wp-json\/wp\/v2\/pages\/2166\/revisions"}],"predecessor-version":[{"id":3069,"href":"https:\/\/domkikamieniec.pl\/en\/wp-json\/wp\/v2\/pages\/2166\/revisions\/3069"}],"wp:attachment":[{"href":"https:\/\/domkikamieniec.pl\/en\/wp-json\/wp\/v2\/media?parent=2166"}],"curies":[{"name":"wp","href":"https:\/\/api.w.org\/{rel}","templated":true}]}}