{"id":2150,"date":"2024-02-13T16:52:57","date_gmt":"2024-02-13T15:52:57","guid":{"rendered":"https:\/\/domkikamieniec.pl\/confirmation-of-booking\/booking-cancelled\/"},"modified":"2024-04-28T09:39:05","modified_gmt":"2024-04-28T07:39:05","slug":"booking-cancelled","status":"publish","type":"page","link":"https:\/\/domkikamieniec.pl\/en\/confirmation-of-booking\/booking-cancelled\/","title":{"rendered":"Booking cancelled"},"content":{"rendered":"<p>[et_pb_section fb_built=&#8221;1&#8243; custom_padding_last_edited=&#8221;on|desktop&#8221; _builder_version=&#8221;4.24.2&#8243; _module_preset=&#8221;default&#8221; background_color=&#8221;#FFFFFF&#8221; background_enable_image=&#8221;off&#8221; background_position=&#8221;top_center&#8221; custom_margin_tablet=&#8221;&#8221; custom_margin_phone=&#8221;&#8221; custom_margin_last_edited=&#8221;on|tablet&#8221; custom_padding=&#8221;50px||50px||true|false&#8221; custom_padding_tablet=&#8221;10px||10px||true|false&#8221; custom_padding_phone=&#8221;10px||10px||true|false&#8221; global_colors_info=&#8221;{}&#8221; theme_builder_area=&#8221;post_content&#8221;][et_pb_row custom_padding_last_edited=&#8221;on|tablet&#8221; _builder_version=&#8221;4.24.3&#8243; _module_preset=&#8221;default&#8221; custom_padding=&#8221;||||false|false&#8221; custom_padding_tablet=&#8221;5px||0px||false|false&#8221; custom_padding_phone=&#8221;5px||0px||false|false&#8221; global_colors_info=&#8221;{}&#8221; theme_builder_area=&#8221;post_content&#8221;][et_pb_column type=&#8221;4_4&#8243; _builder_version=&#8221;4.23.4&#8243; _module_preset=&#8221;default&#8221; global_colors_info=&#8221;{}&#8221; theme_builder_area=&#8221;post_content&#8221;][et_pb_text _builder_version=&#8221;4.24.3&#8243; _module_preset=&#8221;_initial&#8221; header_font=&#8221;Crimson Text||||||||&#8221; header_text_align=&#8221;center&#8221; header_text_color=&#8221;#52443b&#8221; header_line_height=&#8221;1.2em&#8221; header_2_font=&#8221;Crimson Text||||||||&#8221; header_2_text_align=&#8221;center&#8221; header_2_font_size=&#8221;40px&#8221; header_2_line_height=&#8221;1.2em&#8221; header_5_font_size=&#8221;24px&#8221; custom_margin=&#8221;||0px||false|false&#8221; animation_style=&#8221;fade&#8221; header_font_size_tablet=&#8221;32px&#8221; header_font_size_phone=&#8221;32px&#8221; header_font_size_last_edited=&#8221;on|phone&#8221; header_2_font_size_tablet=&#8221;32px&#8221; header_2_font_size_phone=&#8221;&#8221; header_2_font_size_last_edited=&#8221;on|phone&#8221; locked=&#8221;off&#8221; global_colors_info=&#8221;{}&#8221; theme_builder_area=&#8221;post_content&#8221;]<\/p>\n<h2>Booking confirmation<\/h2>\n<p>[\/et_pb_text][et_pb_divider color=&#8221;#bc7630&#8243; divider_weight=&#8221;5px&#8221; _builder_version=&#8221;4.23.4&#8243; _module_preset=&#8221;default&#8221; width=&#8221;15%&#8221; module_alignment=&#8221;center&#8221; custom_padding=&#8221;0px||0px||true|false&#8221; animation_style=&#8221;slide&#8221; animation_delay=&#8221;500ms&#8221; animation_intensity_slide=&#8221;10%&#8221; locked=&#8221;off&#8221; global_colors_info=&#8221;{}&#8221; theme_builder_area=&#8221;post_content&#8221;][\/et_pb_divider][\/et_pb_column][\/et_pb_row][et_pb_row custom_padding_last_edited=&#8221;on|tablet&#8221; _builder_version=&#8221;4.24.3&#8243; _module_preset=&#8221;default&#8221; custom_padding=&#8221;||||false|false&#8221; custom_padding_tablet=&#8221;10px||||false|false&#8221; custom_padding_phone=&#8221;10px||||false|false&#8221; global_colors_info=&#8221;{}&#8221; theme_builder_area=&#8221;post_content&#8221;][et_pb_column type=&#8221;4_4&#8243; _builder_version=&#8221;4.23.4&#8243; _module_preset=&#8221;default&#8221; global_colors_info=&#8221;{}&#8221; theme_builder_area=&#8221;post_content&#8221;][et_pb_divider color=&#8221;rgba(82,68,59,0.2)&#8221; divider_weight=&#8221;1px&#8221; _builder_version=&#8221;4.23.4&#8243; _module_preset=&#8221;default&#8221; width=&#8221;100%&#8221; module_alignment=&#8221;center&#8221; custom_padding=&#8221;0px||0px||true|false&#8221; animation_style=&#8221;slide&#8221; animation_delay=&#8221;500ms&#8221; animation_intensity_slide=&#8221;10%&#8221; locked=&#8221;off&#8221; global_colors_info=&#8221;{}&#8221; theme_builder_area=&#8221;post_content&#8221;][\/et_pb_divider][\/et_pb_column][\/et_pb_row][et_pb_row _builder_version=&#8221;4.24.2&#8243; _module_preset=&#8221;default&#8221; custom_padding=&#8221;0px||0px||false|false&#8221; global_colors_info=&#8221;{}&#8221; theme_builder_area=&#8221;post_content&#8221;][et_pb_column type=&#8221;4_4&#8243; _builder_version=&#8221;4.23.4&#8243; _module_preset=&#8221;default&#8221; global_colors_info=&#8221;{}&#8221; theme_builder_area=&#8221;post_content&#8221;][et_pb_text _builder_version=&#8221;4.24.3&#8243; _module_preset=&#8221;default&#8221; theme_builder_area=&#8221;post_content&#8221; hover_enabled=&#8221;0&#8243; sticky_enabled=&#8221;0&#8243;]<\/p>\n<p> Your reservation has been canceled<\/p>\n<p>[\/et_pb_text][et_pb_code _builder_version=&#8221;4.24.2&#8243; _module_preset=&#8221;default&#8221; global_colors_info=&#8221;{}&#8221; theme_builder_area=&#8221;post_content&#8221;]<script><!-- [et_pb_line_break_holder] -->    window.addEventListener('load', function() {<!-- [et_pb_line_break_holder] -->        var roomDetails = document.querySelectorAll('.mphb-room-details');<!-- [et_pb_line_break_holder] -->        <!-- [et_pb_line_break_holder] -->        \/\/ Check if there's only one room detail<!-- [et_pb_line_break_holder] -->        if (roomDetails.length === 1) {<!-- [et_pb_line_break_holder] -->            roomDetails[0].style.width = '100%';<!-- [et_pb_line_break_holder] -->        }<!-- [et_pb_line_break_holder] -->    });<!-- [et_pb_line_break_holder] --><\/script>[\/et_pb_code][\/et_pb_column][\/et_pb_row][\/et_pb_section]<\/p>\n","protected":false},"excerpt":{"rendered":"<p>Booking confirmation Your reservation has been canceled<\/p>\n","protected":false},"author":1,"featured_media":0,"parent":2147,"menu_order":0,"comment_status":"closed","ping_status":"closed","template":"","meta":{"_et_pb_use_builder":"on","_et_pb_old_content":"","_et_gb_content_width":"","footnotes":""},"class_list":["post-2150","page","type-page","status-publish","hentry"],"yoast_head":"<!-- This site is optimized with the Yoast SEO Premium plugin v25.8 (Yoast SEO v25.8) - https:\/\/yoast.com\/wordpress\/plugins\/seo\/ -->\n<title>Booking cancelled - Ca\u0142oroczne Domki Kamieniec - Wynajem Marcypor\u0119ba Krak\u00f3w<\/title>\n<meta name=\"description\" content=\"Booking cancelled wynajem domk\u00f3w z jacuzzi i z saun\u0105 Marcypor\u0119ba, domek wynajem Kamieniec k. Krakowa, ma\u0142opolskie, rodzinny wypoczynek domki Dolny \u015al\u0105sk, domki z saun\u0105 z placem zabaw Marcypor\u0119ba\" \/>\n<meta name=\"robots\" content=\"index, follow, max-snippet:-1, max-image-preview:large, max-video-preview:-1\" \/>\n<link rel=\"canonical\" href=\"https:\/\/domkikamieniec.pl\/en\/confirmation-of-booking\/booking-cancelled\/\" \/>\n<meta property=\"og:locale\" content=\"en_US\" \/>\n<meta property=\"og:type\" content=\"article\" \/>\n<meta property=\"og:title\" content=\"Booking cancelled\" \/>\n<meta property=\"og:description\" content=\"Wynajem domk\u00f3w z jacuzzi i z saun\u0105, domek wynajem Kamieniec Marcypor\u0119ba k. Krakowa, ma\u0142opolskie, rodzinny wypoczynek domki Dolny \u015al\u0105sk, domki z saun\u0105 z placem zabaw Marcypor\u0119ba\" \/>\n<meta property=\"og:url\" content=\"https:\/\/domkikamieniec.pl\/en\/confirmation-of-booking\/booking-cancelled\/\" \/>\n<meta property=\"og:site_name\" content=\"Ca\u0142oroczne Domki Kamieniec - Wynajem Marcypor\u0119ba Krak\u00f3w\" \/>\n<meta property=\"article:publisher\" content=\"https:\/\/www.facebook.com\/profile.php?id=61556416964708\" \/>\n<meta property=\"article:modified_time\" content=\"2024-04-28T07:39:05+00:00\" \/>\n<meta property=\"og:image\" content=\"https:\/\/domkikamieniec.pl\/wp-content\/uploads\/2024\/01\/domki-kamieniec-caloroczne-domki-galeria-60.jpg\" \/>\n\t<meta property=\"og:image:width\" content=\"1400\" \/>\n\t<meta property=\"og:image:height\" content=\"1050\" \/>\n\t<meta property=\"og:image:type\" content=\"image\/jpeg\" \/>\n<meta name=\"twitter:card\" content=\"summary_large_image\" \/>\n<meta name=\"twitter:label1\" content=\"Est. reading time\" \/>\n\t<meta name=\"twitter:data1\" content=\"2 minutes\" \/>\n<script type=\"application\/ld+json\" class=\"yoast-schema-graph\">{\"@context\":\"https:\/\/schema.org\",\"@graph\":[{\"@type\":\"WebPage\",\"@id\":\"https:\/\/domkikamieniec.pl\/en\/confirmation-of-booking\/booking-cancelled\/\",\"url\":\"https:\/\/domkikamieniec.pl\/en\/confirmation-of-booking\/booking-cancelled\/\",\"name\":\"Booking cancelled - Ca\u0142oroczne Domki Kamieniec - Wynajem Marcypor\u0119ba Krak\u00f3w\",\"isPartOf\":{\"@id\":\"https:\/\/domkikamieniec.pl\/en\/#website\"},\"datePublished\":\"2024-02-13T15:52:57+00:00\",\"dateModified\":\"2024-04-28T07:39:05+00:00\",\"description\":\"Booking cancelled wynajem domk\u00f3w z jacuzzi i z saun\u0105 Marcypor\u0119ba, domek wynajem Kamieniec k. Krakowa, ma\u0142opolskie, rodzinny wypoczynek domki Dolny \u015al\u0105sk, domki z saun\u0105 z placem zabaw Marcypor\u0119ba\",\"breadcrumb\":{\"@id\":\"https:\/\/domkikamieniec.pl\/en\/confirmation-of-booking\/booking-cancelled\/#breadcrumb\"},\"inLanguage\":\"en-US\",\"potentialAction\":[{\"@type\":\"ReadAction\",\"target\":[\"https:\/\/domkikamieniec.pl\/en\/confirmation-of-booking\/booking-cancelled\/\"]}]},{\"@type\":\"BreadcrumbList\",\"@id\":\"https:\/\/domkikamieniec.pl\/en\/confirmation-of-booking\/booking-cancelled\/#breadcrumb\",\"itemListElement\":[{\"@type\":\"ListItem\",\"position\":1,\"name\":\"Strona g\u0142\u00f3wna\",\"item\":\"https:\/\/domkikamieniec.pl\/en\/\"},{\"@type\":\"ListItem\",\"position\":2,\"name\":\"Confirmation of booking\",\"item\":\"https:\/\/domkikamieniec.pl\/en\/potwierdzenie-rezerwacji\/\"},{\"@type\":\"ListItem\",\"position\":3,\"name\":\"Booking cancelled\"}]},{\"@type\":\"WebSite\",\"@id\":\"https:\/\/domkikamieniec.pl\/en\/#website\",\"url\":\"https:\/\/domkikamieniec.pl\/en\/\",\"name\":\"Domki Kamieniec - Luksus w sercu natury Marcypor\u0119ba blisko Krakowa\",\"description\":\"Wynajem ca\u0142orocznych Domk\u00f3w - Luksus w sercu natury\",\"publisher\":{\"@id\":\"https:\/\/domkikamieniec.pl\/en\/#organization\"},\"alternateName\":\"Domki Kamieniec Marcypor\u0119ba \/ Krak\u00f3w\",\"potentialAction\":[{\"@type\":\"SearchAction\",\"target\":{\"@type\":\"EntryPoint\",\"urlTemplate\":\"https:\/\/domkikamieniec.pl\/en\/?s={search_term_string}\"},\"query-input\":{\"@type\":\"PropertyValueSpecification\",\"valueRequired\":true,\"valueName\":\"search_term_string\"}}],\"inLanguage\":\"en-US\"},{\"@type\":\"Organization\",\"@id\":\"https:\/\/domkikamieniec.pl\/en\/#organization\",\"name\":\"Domkikamieniec.pl\",\"alternateName\":\"Ca\u0142oroczne ~ Domki Kamieniec ~ Marcypor\u0119ba\",\"url\":\"https:\/\/domkikamieniec.pl\/en\/\",\"logo\":{\"@type\":\"ImageObject\",\"inLanguage\":\"en-US\",\"@id\":\"https:\/\/domkikamieniec.pl\/en\/#\/schema\/logo\/image\/\",\"url\":\"https:\/\/domkikamieniec.pl\/wp-content\/uploads\/2024\/01\/cropped-domki-kamieniec-logo-512x512-1.png\",\"contentUrl\":\"https:\/\/domkikamieniec.pl\/wp-content\/uploads\/2024\/01\/cropped-domki-kamieniec-logo-512x512-1.png\",\"width\":512,\"height\":512,\"caption\":\"Domkikamieniec.pl\"},\"image\":{\"@id\":\"https:\/\/domkikamieniec.pl\/en\/#\/schema\/logo\/image\/\"},\"sameAs\":[\"https:\/\/www.facebook.com\/profile.php?id=61556416964708\",\"https:\/\/www.instagram.com\/domkikamieniec\/\"],\"description\":\"Wynajem ca\u0142orocznych domk\u00f3w w Marcypor\u0119bie blisko Krakowa w woj. ma\u0142opolskim. Domki z pe\u0142n\u0105 infrastruktur\u0105: boisko, jaccuzi, sauna.\",\"email\":\"domki@domkikamieniec.pl\",\"telephone\":\"451258666\"}]}<\/script>\n<!-- \/ Yoast SEO Premium plugin. -->","yoast_head_json":{"title":"Booking cancelled - Ca\u0142oroczne Domki Kamieniec - Wynajem Marcypor\u0119ba Krak\u00f3w","description":"Booking cancelled wynajem domk\u00f3w z jacuzzi i z saun\u0105 Marcypor\u0119ba, domek wynajem Kamieniec k. Krakowa, ma\u0142opolskie, rodzinny wypoczynek domki Dolny \u015al\u0105sk, domki z saun\u0105 z placem zabaw Marcypor\u0119ba","robots":{"index":"index","follow":"follow","max-snippet":"max-snippet:-1","max-image-preview":"max-image-preview:large","max-video-preview":"max-video-preview:-1"},"canonical":"https:\/\/domkikamieniec.pl\/en\/confirmation-of-booking\/booking-cancelled\/","og_locale":"en_US","og_type":"article","og_title":"Booking cancelled","og_description":"Wynajem domk\u00f3w z jacuzzi i z saun\u0105, domek wynajem Kamieniec Marcypor\u0119ba k. Krakowa, ma\u0142opolskie, rodzinny wypoczynek domki Dolny \u015al\u0105sk, domki z saun\u0105 z placem zabaw Marcypor\u0119ba","og_url":"https:\/\/domkikamieniec.pl\/en\/confirmation-of-booking\/booking-cancelled\/","og_site_name":"Ca\u0142oroczne Domki Kamieniec - Wynajem Marcypor\u0119ba Krak\u00f3w","article_publisher":"https:\/\/www.facebook.com\/profile.php?id=61556416964708","article_modified_time":"2024-04-28T07:39:05+00:00","og_image":[{"width":1400,"height":1050,"url":"https:\/\/domkikamieniec.pl\/wp-content\/uploads\/2024\/01\/domki-kamieniec-caloroczne-domki-galeria-60.jpg","type":"image\/jpeg"}],"twitter_card":"summary_large_image","twitter_misc":{"Est. reading time":"2 minutes"},"schema":{"@context":"https:\/\/schema.org","@graph":[{"@type":"WebPage","@id":"https:\/\/domkikamieniec.pl\/en\/confirmation-of-booking\/booking-cancelled\/","url":"https:\/\/domkikamieniec.pl\/en\/confirmation-of-booking\/booking-cancelled\/","name":"Booking cancelled - Ca\u0142oroczne Domki Kamieniec - Wynajem Marcypor\u0119ba Krak\u00f3w","isPartOf":{"@id":"https:\/\/domkikamieniec.pl\/en\/#website"},"datePublished":"2024-02-13T15:52:57+00:00","dateModified":"2024-04-28T07:39:05+00:00","description":"Booking cancelled wynajem domk\u00f3w z jacuzzi i z saun\u0105 Marcypor\u0119ba, domek wynajem Kamieniec k. Krakowa, ma\u0142opolskie, rodzinny wypoczynek domki Dolny \u015al\u0105sk, domki z saun\u0105 z placem zabaw Marcypor\u0119ba","breadcrumb":{"@id":"https:\/\/domkikamieniec.pl\/en\/confirmation-of-booking\/booking-cancelled\/#breadcrumb"},"inLanguage":"en-US","potentialAction":[{"@type":"ReadAction","target":["https:\/\/domkikamieniec.pl\/en\/confirmation-of-booking\/booking-cancelled\/"]}]},{"@type":"BreadcrumbList","@id":"https:\/\/domkikamieniec.pl\/en\/confirmation-of-booking\/booking-cancelled\/#breadcrumb","itemListElement":[{"@type":"ListItem","position":1,"name":"Strona g\u0142\u00f3wna","item":"https:\/\/domkikamieniec.pl\/en\/"},{"@type":"ListItem","position":2,"name":"Confirmation of booking","item":"https:\/\/domkikamieniec.pl\/en\/potwierdzenie-rezerwacji\/"},{"@type":"ListItem","position":3,"name":"Booking cancelled"}]},{"@type":"WebSite","@id":"https:\/\/domkikamieniec.pl\/en\/#website","url":"https:\/\/domkikamieniec.pl\/en\/","name":"Domki Kamieniec - Luksus w sercu natury Marcypor\u0119ba blisko Krakowa","description":"Wynajem ca\u0142orocznych Domk\u00f3w - Luksus w sercu natury","publisher":{"@id":"https:\/\/domkikamieniec.pl\/en\/#organization"},"alternateName":"Domki Kamieniec Marcypor\u0119ba \/ Krak\u00f3w","potentialAction":[{"@type":"SearchAction","target":{"@type":"EntryPoint","urlTemplate":"https:\/\/domkikamieniec.pl\/en\/?s={search_term_string}"},"query-input":{"@type":"PropertyValueSpecification","valueRequired":true,"valueName":"search_term_string"}}],"inLanguage":"en-US"},{"@type":"Organization","@id":"https:\/\/domkikamieniec.pl\/en\/#organization","name":"Domkikamieniec.pl","alternateName":"Ca\u0142oroczne ~ Domki Kamieniec ~ Marcypor\u0119ba","url":"https:\/\/domkikamieniec.pl\/en\/","logo":{"@type":"ImageObject","inLanguage":"en-US","@id":"https:\/\/domkikamieniec.pl\/en\/#\/schema\/logo\/image\/","url":"https:\/\/domkikamieniec.pl\/wp-content\/uploads\/2024\/01\/cropped-domki-kamieniec-logo-512x512-1.png","contentUrl":"https:\/\/domkikamieniec.pl\/wp-content\/uploads\/2024\/01\/cropped-domki-kamieniec-logo-512x512-1.png","width":512,"height":512,"caption":"Domkikamieniec.pl"},"image":{"@id":"https:\/\/domkikamieniec.pl\/en\/#\/schema\/logo\/image\/"},"sameAs":["https:\/\/www.facebook.com\/profile.php?id=61556416964708","https:\/\/www.instagram.com\/domkikamieniec\/"],"description":"Wynajem ca\u0142orocznych domk\u00f3w w Marcypor\u0119bie blisko Krakowa w woj. ma\u0142opolskim. Domki z pe\u0142n\u0105 infrastruktur\u0105: boisko, jaccuzi, sauna.","email":"domki@domkikamieniec.pl","telephone":"451258666"}]}},"_links":{"self":[{"href":"https:\/\/domkikamieniec.pl\/en\/wp-json\/wp\/v2\/pages\/2150","targetHints":{"allow":["GET"]}}],"collection":[{"href":"https:\/\/domkikamieniec.pl\/en\/wp-json\/wp\/v2\/pages"}],"about":[{"href":"https:\/\/domkikamieniec.pl\/en\/wp-json\/wp\/v2\/types\/page"}],"author":[{"embeddable":true,"href":"https:\/\/domkikamieniec.pl\/en\/wp-json\/wp\/v2\/users\/1"}],"replies":[{"embeddable":true,"href":"https:\/\/domkikamieniec.pl\/en\/wp-json\/wp\/v2\/comments?post=2150"}],"version-history":[{"count":3,"href":"https:\/\/domkikamieniec.pl\/en\/wp-json\/wp\/v2\/pages\/2150\/revisions"}],"predecessor-version":[{"id":2158,"href":"https:\/\/domkikamieniec.pl\/en\/wp-json\/wp\/v2\/pages\/2150\/revisions\/2158"}],"up":[{"embeddable":true,"href":"https:\/\/domkikamieniec.pl\/en\/wp-json\/wp\/v2\/pages\/2147"}],"wp:attachment":[{"href":"https:\/\/domkikamieniec.pl\/en\/wp-json\/wp\/v2\/media?parent=2150"}],"curies":[{"name":"wp","href":"https:\/\/api.w.org\/{rel}","templated":true}]}}