{"id":2066,"date":"2024-01-04T12:26:32","date_gmt":"2024-01-04T11:26:32","guid":{"rendered":"https:\/\/domkikamieniec.pl\/photo-gallery\/"},"modified":"2025-04-07T12:30:45","modified_gmt":"2025-04-07T10:30:45","slug":"photo-gallery","status":"publish","type":"page","link":"https:\/\/domkikamieniec.pl\/en\/photo-gallery\/","title":{"rendered":"Photo Gallery"},"content":{"rendered":"<p>[et_pb_section fb_built=&#8221;1&#8243; custom_padding_last_edited=&#8221;on|desktop&#8221; _builder_version=&#8221;4.24.3&#8243; _module_preset=&#8221;default&#8221; background_color=&#8221;RGBA(255,255,255,0)&#8221; background_enable_image=&#8221;off&#8221; background_size=&#8221;contain&#8221; background_position=&#8221;top_center&#8221; custom_margin_tablet=&#8221;&#8221; custom_margin_phone=&#8221;&#8221; custom_margin_last_edited=&#8221;on|tablet&#8221; custom_padding=&#8221;50px||50px||true|false&#8221; custom_padding_tablet=&#8221;10px||10px||true|false&#8221; custom_padding_phone=&#8221;10px||10px||true|false&#8221; background_color_tablet=&#8221;#FFFFFF&#8221; background_last_edited=&#8221;on|tablet&#8221; background_enable_color_tablet=&#8221;on&#8221; global_colors_info=&#8221;{}&#8221;][et_pb_row custom_padding_last_edited=&#8221;on|phone&#8221; _builder_version=&#8221;4.24.3&#8243; _module_preset=&#8221;default&#8221; custom_padding_tablet=&#8221;&#8221; custom_padding_phone=&#8221;||0px||false|false&#8221; global_colors_info=&#8221;{}&#8221;][et_pb_column type=&#8221;4_4&#8243; _builder_version=&#8221;4.23.4&#8243; _module_preset=&#8221;default&#8221; global_colors_info=&#8221;{}&#8221;][et_pb_text _builder_version=&#8221;4.24.3&#8243; _module_preset=&#8221;_initial&#8221; header_font=&#8221;Crimson Text||||||||&#8221; header_text_align=&#8221;center&#8221; header_text_color=&#8221;#52443b&#8221; header_line_height=&#8221;1.2em&#8221; header_2_font=&#8221;Crimson Text||||||||&#8221; header_2_text_align=&#8221;center&#8221; header_2_font_size=&#8221;40px&#8221; header_2_line_height=&#8221;1.2em&#8221; header_5_font_size=&#8221;24px&#8221; custom_margin=&#8221;||0px||false|false&#8221; animation_style=&#8221;fade&#8221; header_font_size_tablet=&#8221;32px&#8221; header_font_size_phone=&#8221;32px&#8221; header_font_size_last_edited=&#8221;on|desktop&#8221; header_2_font_size_tablet=&#8221;32px&#8221; header_2_font_size_phone=&#8221;&#8221; header_2_font_size_last_edited=&#8221;on|desktop&#8221; locked=&#8221;off&#8221; global_colors_info=&#8221;{}&#8221;]<\/p>\n<h2>Exterior view of the houses<\/h2>\n<p>[\/et_pb_text][et_pb_divider color=&#8221;#bc7630&#8243; divider_weight=&#8221;5px&#8221; _builder_version=&#8221;4.24.3&#8243; _module_preset=&#8221;default&#8221; width=&#8221;15%&#8221; module_alignment=&#8221;center&#8221; custom_padding=&#8221;0px||10px||false|false&#8221; animation_style=&#8221;slide&#8221; animation_delay=&#8221;500ms&#8221; animation_intensity_slide=&#8221;10%&#8221; locked=&#8221;off&#8221; global_colors_info=&#8221;{}&#8221;][\/et_pb_divider][\/et_pb_column][\/et_pb_row][et_pb_row use_custom_gutter=&#8221;on&#8221; gutter_width=&#8221;2&#8243; custom_padding_last_edited=&#8221;on|tablet&#8221; _builder_version=&#8221;4.24.3&#8243; _module_preset=&#8221;default&#8221; background_enable_image=&#8221;off&#8221; custom_padding=&#8221;||||false|false&#8221; custom_padding_tablet=&#8221;0px|0px|0px|0px|true|true&#8221; custom_padding_phone=&#8221;|0px||0px|false|true&#8221; animation_style=&#8221;slide&#8221; animation_direction=&#8221;bottom&#8221; animation_delay=&#8221;800ms&#8221; animation_intensity_slide=&#8221;1%&#8221; global_colors_info=&#8221;{}&#8221;][et_pb_column type=&#8221;4_4&#8243; _builder_version=&#8221;4.23.4&#8243; _module_preset=&#8221;default&#8221; global_colors_info=&#8221;{}&#8221;]<\/p>\n<p>[et_pb_gallery gallery_ids=&#8221;1176,1180,1178,1182,1128,1130,1132,1134,1136,1138,1140,1142,1162,1160,1158,1156,1154,1152,1150,1148,1144,1164,1166,1170,1172,1174,1202,1200,1198,1196,1194,1192,1188,1186,1184,1204,1206,1208,1210,1214,1216&#8243; posts_number=&#8221;8&#8243; show_title_and_caption=&#8221;off&#8221; hover_icon=&#8221;T||divi||400&#8243; _builder_version=&#8221;4.25.1&#8243; _module_preset=&#8221;default&#8221; hover_enabled=&#8221;0&#8243; border_width_all_image=&#8221;10px&#8221; border_color_all_image=&#8221;#FFFFFF&#8221; box_shadow_style_image=&#8221;preset1&#8243; box_shadow_color_image=&#8221;rgba(82,68,59,0.2)&#8221; global_colors_info=&#8221;{}&#8221; sticky_enabled=&#8221;0&#8243;][\/et_pb_gallery]<\/p>\n<p>[\/et_pb_column][\/et_pb_row][et_pb_row custom_padding_last_edited=&#8221;on|phone&#8221; _builder_version=&#8221;4.24.3&#8243; _module_preset=&#8221;default&#8221; custom_padding_tablet=&#8221;&#8221; custom_padding_phone=&#8221;||0px||false|false&#8221; global_colors_info=&#8221;{}&#8221;][et_pb_column type=&#8221;4_4&#8243; _builder_version=&#8221;4.23.4&#8243; _module_preset=&#8221;default&#8221; global_colors_info=&#8221;{}&#8221;][et_pb_text _builder_version=&#8221;4.24.3&#8243; _module_preset=&#8221;_initial&#8221; header_font=&#8221;Crimson Text||||||||&#8221; header_text_align=&#8221;center&#8221; header_text_color=&#8221;#52443b&#8221; header_line_height=&#8221;1.2em&#8221; header_2_font=&#8221;Crimson Text||||||||&#8221; header_2_text_align=&#8221;center&#8221; header_2_font_size=&#8221;40px&#8221; header_2_line_height=&#8221;1.2em&#8221; header_5_font_size=&#8221;24px&#8221; custom_margin=&#8221;||0px||false|false&#8221; custom_padding_tablet=&#8221;&#8221; custom_padding_phone=&#8221;||||false|false&#8221; custom_padding_last_edited=&#8221;on|phone&#8221; animation_style=&#8221;fade&#8221; header_font_size_tablet=&#8221;32px&#8221; header_font_size_phone=&#8221;32px&#8221; header_font_size_last_edited=&#8221;on|desktop&#8221; header_2_font_size_tablet=&#8221;32px&#8221; header_2_font_size_phone=&#8221;&#8221; header_2_font_size_last_edited=&#8221;on|desktop&#8221; locked=&#8221;off&#8221; global_colors_info=&#8221;{}&#8221;]<\/p>\n<h2>Interior of the houses<\/h2>\n<p>[\/et_pb_text][et_pb_divider color=&#8221;#bc7630&#8243; divider_weight=&#8221;5px&#8221; _builder_version=&#8221;4.24.3&#8243; _module_preset=&#8221;default&#8221; width=&#8221;15%&#8221; module_alignment=&#8221;center&#8221; custom_padding=&#8221;0px||10px||false|false&#8221; animation_style=&#8221;slide&#8221; animation_delay=&#8221;500ms&#8221; animation_intensity_slide=&#8221;10%&#8221; locked=&#8221;off&#8221; global_colors_info=&#8221;{}&#8221;][\/et_pb_divider][\/et_pb_column][\/et_pb_row][et_pb_row use_custom_gutter=&#8221;on&#8221; gutter_width=&#8221;2&#8243; custom_padding_last_edited=&#8221;on|tablet&#8221; _builder_version=&#8221;4.24.3&#8243; _module_preset=&#8221;default&#8221; background_enable_image=&#8221;off&#8221; custom_padding=&#8221;||||false|false&#8221; custom_padding_tablet=&#8221;0px|0px|0px|0px|true|true&#8221; custom_padding_phone=&#8221;|0px||0px|false|true&#8221; global_colors_info=&#8221;{}&#8221;][et_pb_column type=&#8221;4_4&#8243; _builder_version=&#8221;4.23.4&#8243; _module_preset=&#8221;default&#8221; global_colors_info=&#8221;{}&#8221;]<\/p>\n<p>[et_pb_gallery gallery_ids=&#8221;1058,1060,1062,1064,1066,1068,1070,1072,1074,1076,1078,1080,1082,1084,1086,1088,1090,1092,1094,1096,1098,1100,1102,1104,1106,1108,1110,1112,1114,1116,1118,1120,1122,1124,1126,1146,1168,1212,1218,1220,1222,1224,1226,1228,1230,1232,1234,1236,1238,1240,1242,1262,1260,1258,1256,1254,1252,1250,1248,1244,1246,1264,1266,1268,1270,1272,1274,1276,1278,1280,1282,1302,1300,1298,1296,1294,1292,1290,1288,1286,1284,1304,1306,1308,1310,1312,1314,1316,1318,1320,1322,1342,1340,1336,1338,1334,1332,1330,1328,1326,1324,1344,1346,1348,1350,1352,1354,1356,1358,1360,1362&#8243; posts_number=&#8221;8&#8243; show_title_and_caption=&#8221;off&#8221; hover_icon=&#8221;T||divi||400&#8243; _builder_version=&#8221;4.25.1&#8243; _module_preset=&#8221;default&#8221; border_width_all_image=&#8221;10px&#8221; border_color_all_image=&#8221;#FFFFFF&#8221; box_shadow_style_image=&#8221;preset1&#8243; box_shadow_color_image=&#8221;rgba(82,68,59,0.2)&#8221; global_colors_info=&#8221;{}&#8221;][\/et_pb_gallery]<\/p>\n<p>[\/et_pb_column][\/et_pb_row][et_pb_row custom_padding_last_edited=&#8221;on|phone&#8221; _builder_version=&#8221;4.24.3&#8243; _module_preset=&#8221;default&#8221; custom_padding_tablet=&#8221;&#8221; custom_padding_phone=&#8221;||0px||false|false&#8221; global_colors_info=&#8221;{}&#8221;][et_pb_column type=&#8221;4_4&#8243; _builder_version=&#8221;4.23.4&#8243; _module_preset=&#8221;default&#8221; global_colors_info=&#8221;{}&#8221;][et_pb_text _builder_version=&#8221;4.25.1&#8243; _module_preset=&#8221;_initial&#8221; header_font=&#8221;Crimson Text||||||||&#8221; header_text_align=&#8221;center&#8221; header_text_color=&#8221;#52443b&#8221; header_line_height=&#8221;1.2em&#8221; header_2_font=&#8221;Crimson Text||||||||&#8221; header_2_text_align=&#8221;center&#8221; header_2_font_size=&#8221;40px&#8221; header_2_line_height=&#8221;1.2em&#8221; header_5_font_size=&#8221;24px&#8221; custom_margin=&#8221;||0px||false|false&#8221; custom_padding_tablet=&#8221;&#8221; custom_padding_phone=&#8221;||||false|false&#8221; custom_padding_last_edited=&#8221;on|phone&#8221; animation_style=&#8221;fade&#8221; header_font_size_tablet=&#8221;32px&#8221; header_font_size_phone=&#8221;32px&#8221; header_font_size_last_edited=&#8221;on|desktop&#8221; header_2_font_size_tablet=&#8221;32px&#8221; header_2_font_size_phone=&#8221;&#8221; header_2_font_size_last_edited=&#8221;on|desktop&#8221; locked=&#8221;off&#8221; global_colors_info=&#8221;{}&#8221;]<\/p>\n<h2>Sauna<\/h2>\n<p>[\/et_pb_text][et_pb_divider color=&#8221;#bc7630&#8243; divider_weight=&#8221;5px&#8221; _builder_version=&#8221;4.24.3&#8243; _module_preset=&#8221;default&#8221; width=&#8221;15%&#8221; module_alignment=&#8221;center&#8221; custom_padding=&#8221;0px||10px||false|false&#8221; animation_style=&#8221;slide&#8221; animation_delay=&#8221;500ms&#8221; animation_intensity_slide=&#8221;10%&#8221; locked=&#8221;off&#8221; global_colors_info=&#8221;{}&#8221;][\/et_pb_divider][\/et_pb_column][\/et_pb_row][et_pb_row use_custom_gutter=&#8221;on&#8221; gutter_width=&#8221;2&#8243; custom_padding_last_edited=&#8221;on|tablet&#8221; _builder_version=&#8221;4.24.3&#8243; _module_preset=&#8221;default&#8221; background_enable_image=&#8221;off&#8221; custom_padding=&#8221;||||false|false&#8221; custom_padding_tablet=&#8221;0px|0px|0px|0px|true|true&#8221; custom_padding_phone=&#8221;|0px||0px|false|true&#8221; global_colors_info=&#8221;{}&#8221;][et_pb_column type=&#8221;4_4&#8243; _builder_version=&#8221;4.23.4&#8243; _module_preset=&#8221;default&#8221; global_colors_info=&#8221;{}&#8221;]<\/p>\n<p>[et_pb_gallery gallery_ids=&#8221;2874,2886,2883,2862,2880,2877,2871,2868,2865,2859&#8243; posts_number=&#8221;8&#8243; show_title_and_caption=&#8221;off&#8221; hover_icon=&#8221;T||divi||400&#8243; _builder_version=&#8221;4.25.1&#8243; _module_preset=&#8221;default&#8221; border_width_all_image=&#8221;10px&#8221; border_color_all_image=&#8221;#FFFFFF&#8221; box_shadow_style_image=&#8221;preset1&#8243; box_shadow_color_image=&#8221;rgba(82,68,59,0.2)&#8221; global_colors_info=&#8221;{}&#8221;][\/et_pb_gallery]<\/p>\n<p>[\/et_pb_column][\/et_pb_row][et_pb_row custom_padding_last_edited=&#8221;on|tablet&#8221; _builder_version=&#8221;4.24.3&#8243; _module_preset=&#8221;default&#8221; custom_padding=&#8221;10px||0px||false|false&#8221; custom_padding_tablet=&#8221;10px||10px||false|false&#8221; custom_padding_phone=&#8221;10px||10px||false|false&#8221; global_colors_info=&#8221;{}&#8221;][et_pb_column type=&#8221;4_4&#8243; _builder_version=&#8221;4.23.4&#8243; _module_preset=&#8221;default&#8221; global_colors_info=&#8221;{}&#8221;][et_pb_button button_url=&#8221;@ET-DC@eyJkeW5hbWljIjp0cnVlLCJjb250ZW50IjoicG9zdF9saW5rX3VybF9wYWdlIiwic2V0dGluZ3MiOnsicG9zdF9pZCI6IjMzIn19@&#8221; button_text=&#8221;More information about Our Houses&#8221; button_alignment=&#8221;center&#8221; _builder_version=&#8221;4.24.1&#8243; _dynamic_attributes=&#8221;button_url&#8221; _module_preset=&#8221;_initial&#8221; custom_button=&#8221;on&#8221; button_text_size=&#8221;18px&#8221; button_text_color=&#8221;#FFFFFF&#8221; button_bg_color=&#8221;#52443b&#8221; button_border_width=&#8221;0px&#8221; button_border_radius=&#8221;0px&#8221; background_layout=&#8221;dark&#8221; custom_margin=&#8221;||||false|false&#8221; custom_margin_tablet=&#8221;|||0%|false|false&#8221; custom_margin_phone=&#8221;|||0%|false|false&#8221; custom_margin_last_edited=&#8221;on|tablet&#8221; custom_padding=&#8221;10px|60px|10px|60px|true|true&#8221; animation_style=&#8221;slide&#8221; animation_delay=&#8221;1200ms&#8221; button_text_size_tablet=&#8221;18px&#8221; button_text_size_phone=&#8221;16px&#8221; button_text_size_last_edited=&#8221;on|phone&#8221; locked=&#8221;off&#8221; global_colors_info=&#8221;{}&#8221;][\/et_pb_button][\/et_pb_column][\/et_pb_row][\/et_pb_section][et_pb_section fb_built=&#8221;1&#8243; _builder_version=&#8221;4.23.4&#8243; _module_preset=&#8221;default&#8221; background_image=&#8221;https:\/\/domkikamieniec.pl\/wp-content\/uploads\/2024\/01\/domki_kamieniec_header_02.jpg&#8221; parallax=&#8221;on&#8221; custom_padding=&#8221;8vw||8vw||true|false&#8221; animation_style=&#8221;zoom&#8221; animation_intensity_zoom=&#8221;1%&#8221; global_colors_info=&#8221;{}&#8221;][et_pb_row _builder_version=&#8221;4.23.4&#8243; _module_preset=&#8221;default&#8221; global_colors_info=&#8221;{}&#8221;][et_pb_column type=&#8221;4_4&#8243; _builder_version=&#8221;4.16&#8243; _module_preset=&#8221;default&#8221; global_colors_info=&#8221;{}&#8221;][et_pb_text _builder_version=&#8221;4.23.4&#8243; _module_preset=&#8221;_initial&#8221; text_font=&#8221;||||||||&#8221; text_line_height=&#8221;1.2em&#8221; header_font=&#8221;|||on|||||&#8221; header_text_align=&#8221;center&#8221; header_font_size=&#8221;46px&#8221; header_letter_spacing=&#8221;5px&#8221; header_5_font_size=&#8221;24px&#8221; text_orientation=&#8221;center&#8221; background_layout=&#8221;dark&#8221; animation_style=&#8221;slide&#8221; animation_delay=&#8221;500ms&#8221; animation_intensity_slide=&#8221;10%&#8221; animation_starting_opacity=&#8221;30%&#8221; text_font_size_phone=&#8221;43px&#8221; text_font_size_last_edited=&#8221;off|desktop&#8221; header_font_size_tablet=&#8221;28px&#8221; header_font_size_phone=&#8221;28px&#8221; header_font_size_last_edited=&#8221;on|phone&#8221; text_text_shadow_style=&#8221;preset1&#8243; text_text_shadow_color=&#8221;rgba(82,68,59,0.4)&#8221; global_colors_info=&#8221;{}&#8221;]<\/p>\n<h1>Photo Gallery of the houses<\/h1>\n<h1><\/h1>\n<p>[\/et_pb_text][et_pb_button button_url=&#8221;@ET-DC@eyJkeW5hbWljIjp0cnVlLCJjb250ZW50IjoicG9zdF9saW5rX3VybF9wYWdlIiwic2V0dGluZ3MiOnsicG9zdF9pZCI6IjQwIn19@&#8221; button_text=&#8221;Booking&#8221; button_alignment=&#8221;center&#8221; _builder_version=&#8221;4.24.1&#8243; _dynamic_attributes=&#8221;button_url&#8221; _module_preset=&#8221;default&#8221; custom_button=&#8221;on&#8221; button_text_size=&#8221;18px&#8221; button_text_color=&#8221;#FFFFFF&#8221; button_bg_color=&#8221;#bc7630&#8243; button_border_width=&#8221;0px&#8221; button_border_radius=&#8221;0px&#8221; custom_margin=&#8221;||||false|false&#8221; custom_padding=&#8221;10px|60px|10px|60px|true|true&#8221; animation_style=&#8221;slide&#8221; animation_delay=&#8221;1200ms&#8221; button_text_size_tablet=&#8221;18px&#8221; button_text_size_phone=&#8221;16px&#8221; button_text_size_last_edited=&#8221;on|phone&#8221; global_colors_info=&#8221;{}&#8221;][\/et_pb_button][\/et_pb_column][\/et_pb_row][\/et_pb_section]<\/p>\n","protected":false},"excerpt":{"rendered":"<p>Exterior view of the housesInterior of the housesSaunaPhoto Gallery of the houses<\/p>\n","protected":false},"author":1,"featured_media":0,"parent":0,"menu_order":0,"comment_status":"closed","ping_status":"closed","template":"","meta":{"_et_pb_use_builder":"on","_et_pb_old_content":"","_et_gb_content_width":"","footnotes":""},"class_list":["post-2066","page","type-page","status-publish","hentry"],"yoast_head":"<!-- This site is optimized with the Yoast SEO Premium plugin v25.8 (Yoast SEO v25.8) - https:\/\/yoast.com\/wordpress\/plugins\/seo\/ -->\n<title>Photo Gallery - Ca\u0142oroczne Domki Kamieniec - Wynajem Marcypor\u0119ba Krak\u00f3w<\/title>\n<meta name=\"description\" content=\"Photo Gallery wynajem domk\u00f3w z jacuzzi i z saun\u0105 Marcypor\u0119ba, domek wynajem Kamieniec k. Krakowa, ma\u0142opolskie, rodzinny wypoczynek domki Dolny \u015al\u0105sk, domki z saun\u0105 z placem zabaw Marcypor\u0119ba\" \/>\n<meta name=\"robots\" content=\"index, follow, max-snippet:-1, max-image-preview:large, max-video-preview:-1\" \/>\n<link rel=\"canonical\" href=\"https:\/\/domkikamieniec.pl\/en\/photo-gallery\/\" \/>\n<meta property=\"og:locale\" content=\"en_US\" \/>\n<meta property=\"og:type\" content=\"article\" \/>\n<meta property=\"og:title\" content=\"Photo Gallery\" \/>\n<meta property=\"og:description\" content=\"Wynajem domk\u00f3w z jacuzzi i z saun\u0105, domek wynajem Kamieniec Marcypor\u0119ba k. Krakowa, ma\u0142opolskie, rodzinny wypoczynek domki Dolny \u015al\u0105sk, domki z saun\u0105 z placem zabaw Marcypor\u0119ba\" \/>\n<meta property=\"og:url\" content=\"https:\/\/domkikamieniec.pl\/en\/photo-gallery\/\" \/>\n<meta property=\"og:site_name\" content=\"Ca\u0142oroczne Domki Kamieniec - Wynajem Marcypor\u0119ba Krak\u00f3w\" \/>\n<meta property=\"article:publisher\" content=\"https:\/\/www.facebook.com\/profile.php?id=61556416964708\" \/>\n<meta property=\"article:modified_time\" content=\"2025-04-07T10:30:45+00:00\" \/>\n<meta property=\"og:image\" content=\"https:\/\/domkikamieniec.pl\/wp-content\/uploads\/2024\/01\/domki-kamieniec-caloroczne-domki-galeria-60.jpg\" \/>\n\t<meta property=\"og:image:width\" content=\"1400\" \/>\n\t<meta property=\"og:image:height\" content=\"1050\" \/>\n\t<meta property=\"og:image:type\" content=\"image\/jpeg\" \/>\n<meta name=\"twitter:card\" content=\"summary_large_image\" \/>\n<meta name=\"twitter:label1\" content=\"Est. reading time\" \/>\n\t<meta name=\"twitter:data1\" content=\"7 minutes\" \/>\n<script type=\"application\/ld+json\" class=\"yoast-schema-graph\">{\"@context\":\"https:\/\/schema.org\",\"@graph\":[{\"@type\":\"WebPage\",\"@id\":\"https:\/\/domkikamieniec.pl\/en\/photo-gallery\/\",\"url\":\"https:\/\/domkikamieniec.pl\/en\/photo-gallery\/\",\"name\":\"Photo Gallery - Ca\u0142oroczne Domki Kamieniec - Wynajem Marcypor\u0119ba Krak\u00f3w\",\"isPartOf\":{\"@id\":\"https:\/\/domkikamieniec.pl\/en\/#website\"},\"datePublished\":\"2024-01-04T11:26:32+00:00\",\"dateModified\":\"2025-04-07T10:30:45+00:00\",\"description\":\"Photo Gallery wynajem domk\u00f3w z jacuzzi i z saun\u0105 Marcypor\u0119ba, domek wynajem Kamieniec k. Krakowa, ma\u0142opolskie, rodzinny wypoczynek domki Dolny \u015al\u0105sk, domki z saun\u0105 z placem zabaw Marcypor\u0119ba\",\"breadcrumb\":{\"@id\":\"https:\/\/domkikamieniec.pl\/en\/photo-gallery\/#breadcrumb\"},\"inLanguage\":\"en-US\",\"potentialAction\":[{\"@type\":\"ReadAction\",\"target\":[\"https:\/\/domkikamieniec.pl\/en\/photo-gallery\/\"]}]},{\"@type\":\"BreadcrumbList\",\"@id\":\"https:\/\/domkikamieniec.pl\/en\/photo-gallery\/#breadcrumb\",\"itemListElement\":[{\"@type\":\"ListItem\",\"position\":1,\"name\":\"Strona g\u0142\u00f3wna\",\"item\":\"https:\/\/domkikamieniec.pl\/en\/\"},{\"@type\":\"ListItem\",\"position\":2,\"name\":\"Photo Gallery\"}]},{\"@type\":\"WebSite\",\"@id\":\"https:\/\/domkikamieniec.pl\/en\/#website\",\"url\":\"https:\/\/domkikamieniec.pl\/en\/\",\"name\":\"Domki Kamieniec - Luksus w sercu natury Marcypor\u0119ba blisko Krakowa\",\"description\":\"Wynajem ca\u0142orocznych Domk\u00f3w - Luksus w sercu natury\",\"publisher\":{\"@id\":\"https:\/\/domkikamieniec.pl\/en\/#organization\"},\"alternateName\":\"Domki Kamieniec Marcypor\u0119ba \/ Krak\u00f3w\",\"potentialAction\":[{\"@type\":\"SearchAction\",\"target\":{\"@type\":\"EntryPoint\",\"urlTemplate\":\"https:\/\/domkikamieniec.pl\/en\/?s={search_term_string}\"},\"query-input\":{\"@type\":\"PropertyValueSpecification\",\"valueRequired\":true,\"valueName\":\"search_term_string\"}}],\"inLanguage\":\"en-US\"},{\"@type\":\"Organization\",\"@id\":\"https:\/\/domkikamieniec.pl\/en\/#organization\",\"name\":\"Domkikamieniec.pl\",\"alternateName\":\"Ca\u0142oroczne ~ Domki Kamieniec ~ Marcypor\u0119ba\",\"url\":\"https:\/\/domkikamieniec.pl\/en\/\",\"logo\":{\"@type\":\"ImageObject\",\"inLanguage\":\"en-US\",\"@id\":\"https:\/\/domkikamieniec.pl\/en\/#\/schema\/logo\/image\/\",\"url\":\"https:\/\/domkikamieniec.pl\/wp-content\/uploads\/2024\/01\/cropped-domki-kamieniec-logo-512x512-1.png\",\"contentUrl\":\"https:\/\/domkikamieniec.pl\/wp-content\/uploads\/2024\/01\/cropped-domki-kamieniec-logo-512x512-1.png\",\"width\":512,\"height\":512,\"caption\":\"Domkikamieniec.pl\"},\"image\":{\"@id\":\"https:\/\/domkikamieniec.pl\/en\/#\/schema\/logo\/image\/\"},\"sameAs\":[\"https:\/\/www.facebook.com\/profile.php?id=61556416964708\",\"https:\/\/www.instagram.com\/domkikamieniec\/\"],\"description\":\"Wynajem ca\u0142orocznych domk\u00f3w w Marcypor\u0119bie blisko Krakowa w woj. ma\u0142opolskim. Domki z pe\u0142n\u0105 infrastruktur\u0105: boisko, jaccuzi, sauna.\",\"email\":\"domki@domkikamieniec.pl\",\"telephone\":\"451258666\"}]}<\/script>\n<!-- \/ Yoast SEO Premium plugin. -->","yoast_head_json":{"title":"Photo Gallery - Ca\u0142oroczne Domki Kamieniec - Wynajem Marcypor\u0119ba Krak\u00f3w","description":"Photo Gallery wynajem domk\u00f3w z jacuzzi i z saun\u0105 Marcypor\u0119ba, domek wynajem Kamieniec k. Krakowa, ma\u0142opolskie, rodzinny wypoczynek domki Dolny \u015al\u0105sk, domki z saun\u0105 z placem zabaw Marcypor\u0119ba","robots":{"index":"index","follow":"follow","max-snippet":"max-snippet:-1","max-image-preview":"max-image-preview:large","max-video-preview":"max-video-preview:-1"},"canonical":"https:\/\/domkikamieniec.pl\/en\/photo-gallery\/","og_locale":"en_US","og_type":"article","og_title":"Photo Gallery","og_description":"Wynajem domk\u00f3w z jacuzzi i z saun\u0105, domek wynajem Kamieniec Marcypor\u0119ba k. Krakowa, ma\u0142opolskie, rodzinny wypoczynek domki Dolny \u015al\u0105sk, domki z saun\u0105 z placem zabaw Marcypor\u0119ba","og_url":"https:\/\/domkikamieniec.pl\/en\/photo-gallery\/","og_site_name":"Ca\u0142oroczne Domki Kamieniec - Wynajem Marcypor\u0119ba Krak\u00f3w","article_publisher":"https:\/\/www.facebook.com\/profile.php?id=61556416964708","article_modified_time":"2025-04-07T10:30:45+00:00","og_image":[{"width":1400,"height":1050,"url":"https:\/\/domkikamieniec.pl\/wp-content\/uploads\/2024\/01\/domki-kamieniec-caloroczne-domki-galeria-60.jpg","type":"image\/jpeg"}],"twitter_card":"summary_large_image","twitter_misc":{"Est. reading time":"7 minutes"},"schema":{"@context":"https:\/\/schema.org","@graph":[{"@type":"WebPage","@id":"https:\/\/domkikamieniec.pl\/en\/photo-gallery\/","url":"https:\/\/domkikamieniec.pl\/en\/photo-gallery\/","name":"Photo Gallery - Ca\u0142oroczne Domki Kamieniec - Wynajem Marcypor\u0119ba Krak\u00f3w","isPartOf":{"@id":"https:\/\/domkikamieniec.pl\/en\/#website"},"datePublished":"2024-01-04T11:26:32+00:00","dateModified":"2025-04-07T10:30:45+00:00","description":"Photo Gallery wynajem domk\u00f3w z jacuzzi i z saun\u0105 Marcypor\u0119ba, domek wynajem Kamieniec k. Krakowa, ma\u0142opolskie, rodzinny wypoczynek domki Dolny \u015al\u0105sk, domki z saun\u0105 z placem zabaw Marcypor\u0119ba","breadcrumb":{"@id":"https:\/\/domkikamieniec.pl\/en\/photo-gallery\/#breadcrumb"},"inLanguage":"en-US","potentialAction":[{"@type":"ReadAction","target":["https:\/\/domkikamieniec.pl\/en\/photo-gallery\/"]}]},{"@type":"BreadcrumbList","@id":"https:\/\/domkikamieniec.pl\/en\/photo-gallery\/#breadcrumb","itemListElement":[{"@type":"ListItem","position":1,"name":"Strona g\u0142\u00f3wna","item":"https:\/\/domkikamieniec.pl\/en\/"},{"@type":"ListItem","position":2,"name":"Photo Gallery"}]},{"@type":"WebSite","@id":"https:\/\/domkikamieniec.pl\/en\/#website","url":"https:\/\/domkikamieniec.pl\/en\/","name":"Domki Kamieniec - Luksus w sercu natury Marcypor\u0119ba blisko Krakowa","description":"Wynajem ca\u0142orocznych Domk\u00f3w - Luksus w sercu natury","publisher":{"@id":"https:\/\/domkikamieniec.pl\/en\/#organization"},"alternateName":"Domki Kamieniec Marcypor\u0119ba \/ Krak\u00f3w","potentialAction":[{"@type":"SearchAction","target":{"@type":"EntryPoint","urlTemplate":"https:\/\/domkikamieniec.pl\/en\/?s={search_term_string}"},"query-input":{"@type":"PropertyValueSpecification","valueRequired":true,"valueName":"search_term_string"}}],"inLanguage":"en-US"},{"@type":"Organization","@id":"https:\/\/domkikamieniec.pl\/en\/#organization","name":"Domkikamieniec.pl","alternateName":"Ca\u0142oroczne ~ Domki Kamieniec ~ Marcypor\u0119ba","url":"https:\/\/domkikamieniec.pl\/en\/","logo":{"@type":"ImageObject","inLanguage":"en-US","@id":"https:\/\/domkikamieniec.pl\/en\/#\/schema\/logo\/image\/","url":"https:\/\/domkikamieniec.pl\/wp-content\/uploads\/2024\/01\/cropped-domki-kamieniec-logo-512x512-1.png","contentUrl":"https:\/\/domkikamieniec.pl\/wp-content\/uploads\/2024\/01\/cropped-domki-kamieniec-logo-512x512-1.png","width":512,"height":512,"caption":"Domkikamieniec.pl"},"image":{"@id":"https:\/\/domkikamieniec.pl\/en\/#\/schema\/logo\/image\/"},"sameAs":["https:\/\/www.facebook.com\/profile.php?id=61556416964708","https:\/\/www.instagram.com\/domkikamieniec\/"],"description":"Wynajem ca\u0142orocznych domk\u00f3w w Marcypor\u0119bie blisko Krakowa w woj. ma\u0142opolskim. Domki z pe\u0142n\u0105 infrastruktur\u0105: boisko, jaccuzi, sauna.","email":"domki@domkikamieniec.pl","telephone":"451258666"}]}},"_links":{"self":[{"href":"https:\/\/domkikamieniec.pl\/en\/wp-json\/wp\/v2\/pages\/2066","targetHints":{"allow":["GET"]}}],"collection":[{"href":"https:\/\/domkikamieniec.pl\/en\/wp-json\/wp\/v2\/pages"}],"about":[{"href":"https:\/\/domkikamieniec.pl\/en\/wp-json\/wp\/v2\/types\/page"}],"author":[{"embeddable":true,"href":"https:\/\/domkikamieniec.pl\/en\/wp-json\/wp\/v2\/users\/1"}],"replies":[{"embeddable":true,"href":"https:\/\/domkikamieniec.pl\/en\/wp-json\/wp\/v2\/comments?post=2066"}],"version-history":[{"count":3,"href":"https:\/\/domkikamieniec.pl\/en\/wp-json\/wp\/v2\/pages\/2066\/revisions"}],"predecessor-version":[{"id":3114,"href":"https:\/\/domkikamieniec.pl\/en\/wp-json\/wp\/v2\/pages\/2066\/revisions\/3114"}],"wp:attachment":[{"href":"https:\/\/domkikamieniec.pl\/en\/wp-json\/wp\/v2\/media?parent=2066"}],"curies":[{"name":"wp","href":"https:\/\/api.w.org\/{rel}","templated":true}]}}