{"id":1999,"date":"2024-01-04T12:26:18","date_gmt":"2024-01-04T11:26:18","guid":{"rendered":"https:\/\/domkikamieniec.pl\/reservierung\/"},"modified":"2024-08-16T14:36:23","modified_gmt":"2024-08-16T12:36:23","slug":"reservierung","status":"publish","type":"page","link":"https:\/\/domkikamieniec.pl\/de\/reservierung\/","title":{"rendered":"Reservierung"},"content":{"rendered":"<p>[et_pb_section fb_built=&#8220;1&#8243; custom_padding_last_edited=&#8220;on|desktop&#8220; _builder_version=&#8220;4.24.2&#8243; _module_preset=&#8220;default&#8220; background_color=&#8220;#FFFFFF&#8220; background_enable_image=&#8220;off&#8220; background_position=&#8220;top_center&#8220; custom_margin_tablet=&#8220;&#8220; custom_margin_phone=&#8220;&#8220; custom_margin_last_edited=&#8220;on|tablet&#8220; custom_padding=&#8220;50px||50px||true|false&#8220; custom_padding_tablet=&#8220;10px||10px||true|false&#8220; custom_padding_phone=&#8220;10px||10px||true|false&#8220; global_colors_info=&#8220;{}&#8220;][et_pb_row custom_padding_last_edited=&#8220;on|tablet&#8220; _builder_version=&#8220;4.24.3&#8243; _module_preset=&#8220;default&#8220; custom_padding_tablet=&#8220;5px||0px||false|false&#8220; custom_padding_phone=&#8220;||0px||false|false&#8220; global_colors_info=&#8220;{}&#8220;][et_pb_column type=&#8220;4_4&#8243; _builder_version=&#8220;4.23.4&#8243; _module_preset=&#8220;default&#8220; global_colors_info=&#8220;{}&#8220;][et_pb_text _builder_version=&#8220;4.24.3&#8243; _module_preset=&#8220;_initial&#8220; header_font=&#8220;Crimson Text||||||||&#8220; header_text_align=&#8220;center&#8220; header_text_color=&#8220;#52443b&#8220; header_line_height=&#8220;1.2em&#8220; header_2_font=&#8220;Crimson Text||||||||&#8220; header_2_text_align=&#8220;center&#8220; header_2_font_size=&#8220;48px&#8220; header_2_line_height=&#8220;1.2em&#8220; header_5_font_size=&#8220;24px&#8220; custom_margin=&#8220;||0px||false|false&#8220; animation_style=&#8220;fade&#8220; header_font_size_tablet=&#8220;32px&#8220; header_font_size_phone=&#8220;32px&#8220; header_font_size_last_edited=&#8220;on|desktop&#8220; header_2_font_size_tablet=&#8220;32px&#8220; header_2_font_size_phone=&#8220;&#8220; header_2_font_size_last_edited=&#8220;on|phone&#8220; locked=&#8220;off&#8220; global_colors_info=&#8220;{}&#8220;]<\/p>\n<h2>Reservierung<\/h2>\n<p>[\/et_pb_text][et_pb_divider color=&#8220;#bc7630&#8243; divider_weight=&#8220;5px&#8220; _builder_version=&#8220;4.23.4&#8243; _module_preset=&#8220;default&#8220; width=&#8220;15%&#8220; module_alignment=&#8220;center&#8220; custom_padding=&#8220;0px||0px||true|false&#8220; animation_style=&#8220;slide&#8220; animation_delay=&#8220;500ms&#8220; animation_intensity_slide=&#8220;10%&#8220; locked=&#8220;off&#8220; global_colors_info=&#8220;{}&#8220;][\/et_pb_divider][\/et_pb_column][\/et_pb_row][et_pb_row custom_padding_last_edited=&#8220;on|tablet&#8220; _builder_version=&#8220;4.24.3&#8243; _module_preset=&#8220;default&#8220; custom_padding=&#8220;30px||0px||false|false&#8220; custom_padding_tablet=&#8220;10px||0px||false|false&#8220; custom_padding_phone=&#8220;10px||0px||false|false&#8220; global_colors_info=&#8220;{}&#8220;][et_pb_column type=&#8220;4_4&#8243; _builder_version=&#8220;4.23.4&#8243; _module_preset=&#8220;default&#8220; global_colors_info=&#8220;{}&#8220;][mphb-divi-availability-search adults=&#8220;2&#8243; form_style=&#8220;horizontal-center&#8220; class=&#8220;kma-rezerwacja&#8220; disabled_on=&#8220;off|off|off&#8220; _builder_version=&#8220;4.25.0&#8243; _module_preset=&#8220;default&#8220; custom_margin_tablet=&#8220;||0px||false|false&#8220; custom_margin_phone=&#8220;||0px||false|false&#8220; custom_margin_last_edited=&#8220;on|tablet&#8220; animation_style=&#8220;fade&#8220; animation_delay=&#8220;750ms&#8220; animation_starting_opacity=&#8220;6%&#8220; global_colors_info=&#8220;{}&#8220;][\/mphb-divi-availability-search][mphb-divi-search-results featured_image=&#8220;off&#8220; gallery=&#8220;off&#8220; excerpt=&#8220;off&#8220; details=&#8220;off&#8220; price=&#8220;off&#8220; view_button=&#8220;off&#8220; disabled_on=&#8220;off|off|off&#8220; module_class=&#8220;kma-rezerwacja&#8220; _builder_version=&#8220;4.25.0&#8243; _module_preset=&#8220;default&#8220; global_colors_info=&#8220;{}&#8220;][\/mphb-divi-search-results][et_pb_code _builder_version=&#8220;4.27.0&#8243; _module_preset=&#8220;default&#8220; hover_enabled=&#8220;0&#8243; global_colors_info=&#8220;{}&#8220; sticky_enabled=&#8220;0&#8243; disabled_on=&#8220;off|off|off&#8220;]<script><!-- [et_pb_line_break_holder] -->        jQuery(document).ready(function($) {<!-- [et_pb_line_break_holder] -->            \/\/ Find the target div with class 'mphb-reservation-details'<!-- [et_pb_line_break_holder] -->            var reservationDetails = $('.mphb-reservation-cart');<!-- [et_pb_line_break_holder] -->            <!-- [et_pb_line_break_holder] -->            \/\/ Move the target div to the end of its parent container<!-- [et_pb_line_break_holder] -->            reservationDetails.appendTo('.mphb_sc_search_results-wrapper');<!-- [et_pb_line_break_holder] -->        });<!-- [et_pb_line_break_holder] --><\/script>[\/et_pb_code][\/et_pb_column][\/et_pb_row][et_pb_row custom_padding_last_edited=&#8220;on|tablet&#8220; _builder_version=&#8220;4.24.3&#8243; _module_preset=&#8220;default&#8220; custom_padding_tablet=&#8220;||0px||false|false&#8220; custom_padding_phone=&#8220;||0px||false|false&#8220; locked=&#8220;off&#8220; global_colors_info=&#8220;{}&#8220;][et_pb_column type=&#8220;4_4&#8243; _builder_version=&#8220;4.23.4&#8243; _module_preset=&#8220;default&#8220; global_colors_info=&#8220;{}&#8220;][et_pb_divider color=&#8220;rgba(82,68,59,0.2)&#8220; divider_weight=&#8220;1px&#8220; _builder_version=&#8220;4.23.4&#8243; _module_preset=&#8220;default&#8220; width=&#8220;100%&#8220; module_alignment=&#8220;center&#8220; custom_padding=&#8220;0px||0px||true|false&#8220; animation_style=&#8220;slide&#8220; animation_delay=&#8220;500ms&#8220; animation_intensity_slide=&#8220;10%&#8220; locked=&#8220;off&#8220; global_colors_info=&#8220;{}&#8220;][\/et_pb_divider][\/et_pb_column][\/et_pb_row][et_pb_row make_equal=&#8220;on&#8220; custom_padding_last_edited=&#8220;on|tablet&#8220; disabled_on=&#8220;on|on|on&#8220; _builder_version=&#8220;4.27.0&#8243; _module_preset=&#8220;default&#8220; background_enable_image=&#8220;off&#8220; custom_padding=&#8220;0px|0px||10px|false|false&#8220; custom_padding_tablet=&#8220;|0px||0px|false|true&#8220; custom_padding_phone=&#8220;|0px||0px|false|true&#8220; disabled=&#8220;on&#8220; global_colors_info=&#8220;{}&#8220;][et_pb_column type=&#8220;4_4&#8243; _builder_version=&#8220;4.23.4&#8243; _module_preset=&#8220;default&#8220; global_colors_info=&#8220;{}&#8220;][et_pb_text disabled_on=&#8220;off|off|off&#8220; _builder_version=&#8220;4.24.2&#8243; _module_preset=&#8220;default&#8220; text_font=&#8220;|700|||||||&#8220; text_text_color=&#8220;#666666&#8243; text_font_size=&#8220;18px&#8220; header_text_align=&#8220;center&#8220; header_4_font=&#8220;|700|||||||&#8220; header_4_text_align=&#8220;center&#8220; header_4_font_size=&#8220;24px&#8220; header_5_font=&#8220;|700|||||||&#8220; header_5_text_align=&#8220;center&#8220; header_5_font_size=&#8220;24px&#8220; module_alignment=&#8220;center&#8220; custom_margin=&#8220;5px||10px||false|false&#8220; custom_padding=&#8220;||||false|false&#8220; animation_style=&#8220;fade&#8220; animation_delay=&#8220;150ms&#8220; animation_starting_opacity=&#8220;5%&#8220; locked=&#8220;off&#8220; global_colors_info=&#8220;{}&#8220;]<\/p>\n<h5>Verf\u00fcgbarkeit des Ferienhauses<\/h5>\n<p>[\/et_pb_text][\/et_pb_column][\/et_pb_row][et_pb_row column_structure=&#8220;1_2,1_2&#8243; disabled_on=&#8220;on|on|on&#8220; _builder_version=&#8220;4.27.0&#8243; _module_preset=&#8220;default&#8220; custom_padding=&#8220;0px||15px||false|false&#8220; hover_enabled=&#8220;0&#8243; global_colors_info=&#8220;{}&#8220; disabled=&#8220;on&#8220; sticky_enabled=&#8220;0&#8243;][et_pb_column type=&#8220;1_2&#8243; _builder_version=&#8220;4.23.4&#8243; _module_preset=&#8220;default&#8220; global_colors_info=&#8220;{}&#8220;][et_pb_text disabled_on=&#8220;off|off|off&#8220; _builder_version=&#8220;4.24.2&#8243; _module_preset=&#8220;default&#8220; text_font=&#8220;|700|||||||&#8220; text_text_color=&#8220;#666666&#8243; text_font_size=&#8220;18px&#8220; header_text_align=&#8220;left&#8220; header_4_font=&#8220;|700|||||||&#8220; header_4_text_align=&#8220;left&#8220; header_4_font_size=&#8220;24px&#8220; header_5_font=&#8220;|700|||||||&#8220; header_5_text_align=&#8220;center&#8220; header_5_font_size=&#8220;24px&#8220; module_alignment=&#8220;center&#8220; custom_margin=&#8220;||10px||false|false&#8220; custom_padding=&#8220;|||2px|false|false&#8220; animation_style=&#8220;fade&#8220; animation_delay=&#8220;150ms&#8220; animation_starting_opacity=&#8220;5%&#8220; locked=&#8220;off&#8220; global_colors_info=&#8220;{}&#8220;]<\/p>\n<h5>Haus A<\/h5>\n<p>[\/et_pb_text][mphb-divi-availability-calendar id=&#8220;1549&#8243; monthstoshow=&#8220;3&#8243; truncate_price=&#8220;off&#8220; disabled_on=&#8220;off|off|off&#8220; _builder_version=&#8220;4.25.0&#8243; _module_preset=&#8220;default&#8220; animation_style=&#8220;slide&#8220; animation_direction=&#8220;bottom&#8220; animation_delay=&#8220;600ms&#8220; animation_intensity_slide=&#8220;5%&#8220; global_colors_info=&#8220;{}&#8220;][\/mphb-divi-availability-calendar][\/et_pb_column][et_pb_column type=&#8220;1_2&#8243; _builder_version=&#8220;4.23.4&#8243; _module_preset=&#8220;default&#8220; global_colors_info=&#8220;{}&#8220;][et_pb_text disabled_on=&#8220;off|off|off&#8220; _builder_version=&#8220;4.24.2&#8243; _module_preset=&#8220;default&#8220; text_font=&#8220;|700|||||||&#8220; text_text_color=&#8220;#666666&#8243; text_font_size=&#8220;18px&#8220; header_text_align=&#8220;left&#8220; header_4_font=&#8220;|700|||||||&#8220; header_4_text_align=&#8220;left&#8220; header_4_font_size=&#8220;24px&#8220; header_5_font=&#8220;|700|||||||&#8220; header_5_text_align=&#8220;center&#8220; header_5_font_size=&#8220;24px&#8220; module_alignment=&#8220;center&#8220; custom_margin=&#8220;||10px||false|false&#8220; custom_padding=&#8220;|||2px|false|false&#8220; animation_style=&#8220;fade&#8220; animation_delay=&#8220;150ms&#8220; animation_starting_opacity=&#8220;5%&#8220; locked=&#8220;off&#8220; global_colors_info=&#8220;{}&#8220;]<\/p>\n<h5>Haus B<\/h5>\n<p>[\/et_pb_text][mphb-divi-availability-calendar id=&#8220;855&#8243; monthstoshow=&#8220;3&#8243; truncate_price=&#8220;off&#8220; disabled_on=&#8220;off|off|off&#8220; _builder_version=&#8220;4.25.0&#8243; _module_preset=&#8220;default&#8220; animation_style=&#8220;slide&#8220; animation_direction=&#8220;bottom&#8220; animation_delay=&#8220;600ms&#8220; animation_intensity_slide=&#8220;5%&#8220; global_colors_info=&#8220;{}&#8220;][\/mphb-divi-availability-calendar][\/et_pb_column][\/et_pb_row][\/et_pb_section]<\/p>\n","protected":false},"excerpt":{"rendered":"<p>Reservierung<div class=\"et_pb_module mphb-divi-availability-search mphb-divi-availability-search_0 et_animated\">\n\t\t\t\t\n\t\t\t\t\n\t\t\t\t\n\t\t\t\t\n\t\t\t\t\n\t\t\t\t\n\t\t\t\t<div class=\"et_pb_module_inner\">\n\t\t\t\t\t<div class=\"mphb_sc_search-wrapper kma-rezerwacja horizontal-center\">\n<form method=\"GET\" class=\"mphb_sc_search-form\" action=\"https:\/\/domkikamieniec.pl\/de\/reservierung\/\" data-first_available_check_in_date=\"2026-04-30\">\n\n\t<p class = \"mphb-required-fields-tip\">\n\t<small>\n\t\tErforderliche Felder werden gefolgt von\t\t<abbr title=\"required\">*<\/abbr>\n\t<\/small>\n<\/p>\n\n\t<p class=\"mphb_sc_search-check-in-date\">\n\t\t<label for=\"mphb_check_in_date-mphb-search-form-69f33046b09d6\">\n\t\t\tAnreise\t\t\t<abbr title=\"Formatiert als dd\/mm\/yyyy\">*<\/abbr>\n\t\t<\/label>\n\t\t<br \/>\n\t\t<input\n\t\t\tid=\"mphb_check_in_date-mphb-search-form-69f33046b09d6\"\n\t\t\tdata-datepick-group=\"mphb-search-form-69f33046b09d6\"\n\t\t\tvalue=\"\"\n\t\t\tplaceholder=\"Anreisedatum\"\n\t\t\trequired=\"required\"\n\t\t\ttype=\"text\"\n\t\t\tinputmode=\"none\"\n\t\t\tname=\"mphb_check_in_date\"\n\t\t\tclass=\"mphb-datepick\"\n\t\t\tautocomplete=\"off\"\n\t\t\t\/>\n\t<\/p>\n\n\t<p class=\"mphb_sc_search-check-out-date\">\n\t\t<label for=\"mphb_check_out_date-mphb-search-form-69f33046b09d6\">\n\t\t\tAbreise\t\t\t<abbr title=\"Formatiert als dd\/mm\/yyyy\">*<\/abbr>\n\t\t<\/label>\n\t\t<br \/>\n\t\t<input\n\t\t\tid=\"mphb_check_out_date-mphb-search-form-69f33046b09d6\"\n\t\t\tdata-datepick-group=\"mphb-search-form-69f33046b09d6\"\n\t\t\tvalue=\"\"\n\t\t\tplaceholder=\"Abreisedatum\"\n\t\t\trequired=\"required\"\n\t\t\ttype=\"text\"\n\t\t\tinputmode=\"none\"\n\t\t\tname=\"mphb_check_out_date\"\n\t\t\tclass=\"mphb-datepick\"\n\t\t\tautocomplete=\"off\"\n\t\t\t\/>\n\t<\/p>\n\n\t\t\t<p class=\"mphb_sc_search-adults\">\n\t\t\t<label for=\"mphb_adults-mphb-search-form-69f33046b09d6\">\n\t\t\t\tG\u00e4ste\t\t\t<\/label>\n\t\t\t<br \/>\n\t\t\t<select id=\"mphb_adults-mphb-search-form-69f33046b09d6\" name=\"mphb_adults\" >\n\t\t\t\t\t\t\t\t\t<option value=\"1\" >1<\/option>\n\t\t\t\t\t\t\t\t\t<option value=\"2\"  selected='selected'>2<\/option>\n\t\t\t\t\t\t\t\t\t<option value=\"3\" >3<\/option>\n\t\t\t\t\t\t\t\t\t<option value=\"4\" >4<\/option>\n\t\t\t\t\t\t\t\t\t<option value=\"5\" >5<\/option>\n\t\t\t\t\t\t\t\t\t<option value=\"6\" >6<\/option>\n\t\t\t\t\t\t\t\t\t<option value=\"7\" >7<\/option>\n\t\t\t\t\t\t\t\t\t<option value=\"8\" >8<\/option>\n\t\t\t\t\t\t\t\t\t<option value=\"9\" >9<\/option>\n\t\t\t\t\t\t\t\t\t<option value=\"10\" >10<\/option>\n\t\t\t\t\t\t\t\t\t<option value=\"11\" >11<\/option>\n\t\t\t\t\t\t\t\t\t<option value=\"12\" >12<\/option>\n\t\t\t\t\t\t\t<\/select>\n\t\t<\/p>\n\t\n\t\t\t<input type=\"hidden\" id=\"mphb_children-mphb-search-form-69f33046b09d6\" name=\"mphb_children\" value=\"0\" \/>\n\t\n\t\n\t\n\t<input id=\"mphb_check_in_date-mphb-search-form-69f33046b09d6-hidden\" value=\"\" type=\"hidden\" name=\"mphb_check_in_date\" \/><input id=\"mphb_check_out_date-mphb-search-form-69f33046b09d6-hidden\" value=\"\" type=\"hidden\" name=\"mphb_check_out_date\" \/>\n\t<p class=\"mphb_sc_search-submit-button-wrapper\">\n\t\t<input type=\"submit\" class=\"button\" value=\"Suche\"\/>\n\t<\/p>\n\n\t\n<\/form>\n<\/div>\n\t\t\t\t<\/div>\n\t\t\t<\/div><div class=\"et_pb_module mphb-divi-search-results mphb-divi-search-results_0 kma-rezerwacja\">\n\t\t\t\t\n\t\t\t\t\n\t\t\t\t\n\t\t\t\t\n\t\t\t\t\n\t\t\t\t\n\t\t\t\t<div class=\"et_pb_module_inner\">\n\t\t\t\t\t<div class=\"mphb_sc_search_results-wrapper \"><div class=\"mphb-errors-wrapper\">\n\t<\/div>\n<\/div>\n\t\t\t\t<\/div>\n\t\t\t<\/div>Verf\u00fcgbarkeit des FerienhausesHaus A<div class=\"et_pb_module mphb-divi-availability-calendar mphb-divi-availability-calendar_0 et_animated\">\n\t\t\t\t\n\t\t\t\t\n\t\t\t\t\n\t\t\t\t\n\t\t\t\t\n\t\t\t\t\n\t\t\t\t<div class=\"et_pb_module_inner\">\n\t\t\t\t\t<div class=\"mphb_sc_availability_calendar-wrapper\">\t<div class=\"mphb-calendar mphb-datepick inlinePicker mphb-calendar--direct-booking\" data-room-type-id=\"1549\" data-monthstoshow=\"3\" data-is_show_prices=\"0\" data-is_truncate_prices=\"0\" data-is_show_prices_currency=\"0\" data-first_available_check_in_date=\"2026-04-30\"><\/div>\n\t<\/div>\n\t\t\t\t<\/div>\n\t\t\t<\/div>Haus B<div class=\"et_pb_module mphb-divi-availability-calendar mphb-divi-availability-calendar_1 et_animated\">\n\t\t\t\t\n\t\t\t\t\n\t\t\t\t\n\t\t\t\t\n\t\t\t\t\n\t\t\t\t\n\t\t\t\t<div class=\"et_pb_module_inner\">\n\t\t\t\t\t<div class=\"mphb_sc_availability_calendar-wrapper\">\t<div class=\"mphb-calendar mphb-datepick inlinePicker mphb-calendar--direct-booking\" data-room-type-id=\"855\" data-monthstoshow=\"3\" data-is_show_prices=\"0\" data-is_truncate_prices=\"0\" data-is_show_prices_currency=\"0\" data-first_available_check_in_date=\"2026-04-30\"><\/div>\n\t<\/div>\n\t\t\t\t<\/div>\n\t\t\t<\/div><\/p>\n","protected":false},"author":1,"featured_media":0,"parent":0,"menu_order":0,"comment_status":"closed","ping_status":"closed","template":"","meta":{"_et_pb_use_builder":"on","_et_pb_old_content":"","_et_gb_content_width":"","footnotes":""},"class_list":["post-1999","page","type-page","status-publish","hentry"],"yoast_head":"<!-- This site is optimized with the Yoast SEO Premium plugin v25.8 (Yoast SEO v25.8) - https:\/\/yoast.com\/wordpress\/plugins\/seo\/ -->\n<title>Reservierung - Ca\u0142oroczne Domki Kamieniec - Wynajem Marcypor\u0119ba Krak\u00f3w<\/title>\n<meta name=\"description\" content=\"Reservierung wynajem domk\u00f3w z jacuzzi i z saun\u0105 Marcypor\u0119ba, domek wynajem Kamieniec k. Krakowa, ma\u0142opolskie, rodzinny wypoczynek domki Dolny \u015al\u0105sk, domki z saun\u0105 z placem zabaw Marcypor\u0119ba\" \/>\n<meta name=\"robots\" content=\"index, follow, max-snippet:-1, max-image-preview:large, max-video-preview:-1\" \/>\n<link rel=\"canonical\" href=\"https:\/\/domkikamieniec.pl\/de\/reservierung\/\" \/>\n<meta property=\"og:locale\" content=\"de_DE\" \/>\n<meta property=\"og:type\" content=\"article\" \/>\n<meta property=\"og:title\" content=\"Reservierung\" \/>\n<meta property=\"og:description\" content=\"Wynajem domk\u00f3w z jacuzzi i z saun\u0105, domek wynajem Kamieniec Marcypor\u0119ba k. Krakowa, ma\u0142opolskie, rodzinny wypoczynek domki Dolny \u015al\u0105sk, domki z saun\u0105 z placem zabaw Marcypor\u0119ba\" \/>\n<meta property=\"og:url\" content=\"https:\/\/domkikamieniec.pl\/de\/reservierung\/\" \/>\n<meta property=\"og:site_name\" content=\"Ca\u0142oroczne Domki Kamieniec - Wynajem Marcypor\u0119ba Krak\u00f3w\" \/>\n<meta property=\"article:publisher\" content=\"https:\/\/www.facebook.com\/profile.php?id=61556416964708\" \/>\n<meta property=\"article:modified_time\" content=\"2024-08-16T12:36:23+00:00\" \/>\n<meta property=\"og:image\" content=\"https:\/\/domkikamieniec.pl\/wp-content\/uploads\/2024\/01\/domki-kamieniec-caloroczne-domki-galeria-60.jpg\" \/>\n\t<meta property=\"og:image:width\" content=\"1400\" \/>\n\t<meta property=\"og:image:height\" content=\"1050\" \/>\n\t<meta property=\"og:image:type\" content=\"image\/jpeg\" \/>\n<meta name=\"twitter:card\" content=\"summary_large_image\" \/>\n<meta name=\"twitter:label1\" content=\"Gesch\u00e4tzte Lesezeit\" \/>\n\t<meta name=\"twitter:data1\" content=\"5\u00a0Minuten\" \/>\n<script type=\"application\/ld+json\" class=\"yoast-schema-graph\">{\"@context\":\"https:\/\/schema.org\",\"@graph\":[{\"@type\":\"WebPage\",\"@id\":\"https:\/\/domkikamieniec.pl\/de\/reservierung\/\",\"url\":\"https:\/\/domkikamieniec.pl\/de\/reservierung\/\",\"name\":\"Reservierung - Ca\u0142oroczne Domki Kamieniec - Wynajem Marcypor\u0119ba Krak\u00f3w\",\"isPartOf\":{\"@id\":\"https:\/\/domkikamieniec.pl\/de\/#website\"},\"datePublished\":\"2024-01-04T11:26:18+00:00\",\"dateModified\":\"2024-08-16T12:36:23+00:00\",\"description\":\"Reservierung wynajem domk\u00f3w z jacuzzi i z saun\u0105 Marcypor\u0119ba, domek wynajem Kamieniec k. Krakowa, ma\u0142opolskie, rodzinny wypoczynek domki Dolny \u015al\u0105sk, domki z saun\u0105 z placem zabaw Marcypor\u0119ba\",\"breadcrumb\":{\"@id\":\"https:\/\/domkikamieniec.pl\/de\/reservierung\/#breadcrumb\"},\"inLanguage\":\"de\",\"potentialAction\":[{\"@type\":\"ReadAction\",\"target\":[\"https:\/\/domkikamieniec.pl\/de\/reservierung\/\"]}]},{\"@type\":\"BreadcrumbList\",\"@id\":\"https:\/\/domkikamieniec.pl\/de\/reservierung\/#breadcrumb\",\"itemListElement\":[{\"@type\":\"ListItem\",\"position\":1,\"name\":\"Strona g\u0142\u00f3wna\",\"item\":\"https:\/\/domkikamieniec.pl\/de\/\"},{\"@type\":\"ListItem\",\"position\":2,\"name\":\"Reservierung\"}]},{\"@type\":\"WebSite\",\"@id\":\"https:\/\/domkikamieniec.pl\/de\/#website\",\"url\":\"https:\/\/domkikamieniec.pl\/de\/\",\"name\":\"Domki Kamieniec - Luksus w sercu natury Marcypor\u0119ba blisko Krakowa\",\"description\":\"Wynajem ca\u0142orocznych Domk\u00f3w - Luksus w sercu natury\",\"publisher\":{\"@id\":\"https:\/\/domkikamieniec.pl\/de\/#organization\"},\"alternateName\":\"Domki Kamieniec Marcypor\u0119ba \/ Krak\u00f3w\",\"potentialAction\":[{\"@type\":\"SearchAction\",\"target\":{\"@type\":\"EntryPoint\",\"urlTemplate\":\"https:\/\/domkikamieniec.pl\/de\/?s={search_term_string}\"},\"query-input\":{\"@type\":\"PropertyValueSpecification\",\"valueRequired\":true,\"valueName\":\"search_term_string\"}}],\"inLanguage\":\"de\"},{\"@type\":\"Organization\",\"@id\":\"https:\/\/domkikamieniec.pl\/de\/#organization\",\"name\":\"Domkikamieniec.pl\",\"alternateName\":\"Ca\u0142oroczne ~ Domki Kamieniec ~ Marcypor\u0119ba\",\"url\":\"https:\/\/domkikamieniec.pl\/de\/\",\"logo\":{\"@type\":\"ImageObject\",\"inLanguage\":\"de\",\"@id\":\"https:\/\/domkikamieniec.pl\/de\/#\/schema\/logo\/image\/\",\"url\":\"https:\/\/domkikamieniec.pl\/wp-content\/uploads\/2024\/01\/cropped-domki-kamieniec-logo-512x512-1.png\",\"contentUrl\":\"https:\/\/domkikamieniec.pl\/wp-content\/uploads\/2024\/01\/cropped-domki-kamieniec-logo-512x512-1.png\",\"width\":512,\"height\":512,\"caption\":\"Domkikamieniec.pl\"},\"image\":{\"@id\":\"https:\/\/domkikamieniec.pl\/de\/#\/schema\/logo\/image\/\"},\"sameAs\":[\"https:\/\/www.facebook.com\/profile.php?id=61556416964708\",\"https:\/\/www.instagram.com\/domkikamieniec\/\"],\"description\":\"Wynajem ca\u0142orocznych domk\u00f3w w Marcypor\u0119bie blisko Krakowa w woj. ma\u0142opolskim. Domki z pe\u0142n\u0105 infrastruktur\u0105: boisko, jaccuzi, sauna.\",\"email\":\"domki@domkikamieniec.pl\",\"telephone\":\"451258666\"}]}<\/script>\n<!-- \/ Yoast SEO Premium plugin. -->","yoast_head_json":{"title":"Reservierung - Ca\u0142oroczne Domki Kamieniec - Wynajem Marcypor\u0119ba Krak\u00f3w","description":"Reservierung wynajem domk\u00f3w z jacuzzi i z saun\u0105 Marcypor\u0119ba, domek wynajem Kamieniec k. Krakowa, ma\u0142opolskie, rodzinny wypoczynek domki Dolny \u015al\u0105sk, domki z saun\u0105 z placem zabaw Marcypor\u0119ba","robots":{"index":"index","follow":"follow","max-snippet":"max-snippet:-1","max-image-preview":"max-image-preview:large","max-video-preview":"max-video-preview:-1"},"canonical":"https:\/\/domkikamieniec.pl\/de\/reservierung\/","og_locale":"de_DE","og_type":"article","og_title":"Reservierung","og_description":"Wynajem domk\u00f3w z jacuzzi i z saun\u0105, domek wynajem Kamieniec Marcypor\u0119ba k. Krakowa, ma\u0142opolskie, rodzinny wypoczynek domki Dolny \u015al\u0105sk, domki z saun\u0105 z placem zabaw Marcypor\u0119ba","og_url":"https:\/\/domkikamieniec.pl\/de\/reservierung\/","og_site_name":"Ca\u0142oroczne Domki Kamieniec - Wynajem Marcypor\u0119ba Krak\u00f3w","article_publisher":"https:\/\/www.facebook.com\/profile.php?id=61556416964708","article_modified_time":"2024-08-16T12:36:23+00:00","og_image":[{"width":1400,"height":1050,"url":"https:\/\/domkikamieniec.pl\/wp-content\/uploads\/2024\/01\/domki-kamieniec-caloroczne-domki-galeria-60.jpg","type":"image\/jpeg"}],"twitter_card":"summary_large_image","twitter_misc":{"Gesch\u00e4tzte Lesezeit":"5\u00a0Minuten"},"schema":{"@context":"https:\/\/schema.org","@graph":[{"@type":"WebPage","@id":"https:\/\/domkikamieniec.pl\/de\/reservierung\/","url":"https:\/\/domkikamieniec.pl\/de\/reservierung\/","name":"Reservierung - Ca\u0142oroczne Domki Kamieniec - Wynajem Marcypor\u0119ba Krak\u00f3w","isPartOf":{"@id":"https:\/\/domkikamieniec.pl\/de\/#website"},"datePublished":"2024-01-04T11:26:18+00:00","dateModified":"2024-08-16T12:36:23+00:00","description":"Reservierung wynajem domk\u00f3w z jacuzzi i z saun\u0105 Marcypor\u0119ba, domek wynajem Kamieniec k. Krakowa, ma\u0142opolskie, rodzinny wypoczynek domki Dolny \u015al\u0105sk, domki z saun\u0105 z placem zabaw Marcypor\u0119ba","breadcrumb":{"@id":"https:\/\/domkikamieniec.pl\/de\/reservierung\/#breadcrumb"},"inLanguage":"de","potentialAction":[{"@type":"ReadAction","target":["https:\/\/domkikamieniec.pl\/de\/reservierung\/"]}]},{"@type":"BreadcrumbList","@id":"https:\/\/domkikamieniec.pl\/de\/reservierung\/#breadcrumb","itemListElement":[{"@type":"ListItem","position":1,"name":"Strona g\u0142\u00f3wna","item":"https:\/\/domkikamieniec.pl\/de\/"},{"@type":"ListItem","position":2,"name":"Reservierung"}]},{"@type":"WebSite","@id":"https:\/\/domkikamieniec.pl\/de\/#website","url":"https:\/\/domkikamieniec.pl\/de\/","name":"Domki Kamieniec - Luksus w sercu natury Marcypor\u0119ba blisko Krakowa","description":"Wynajem ca\u0142orocznych Domk\u00f3w - Luksus w sercu natury","publisher":{"@id":"https:\/\/domkikamieniec.pl\/de\/#organization"},"alternateName":"Domki Kamieniec Marcypor\u0119ba \/ Krak\u00f3w","potentialAction":[{"@type":"SearchAction","target":{"@type":"EntryPoint","urlTemplate":"https:\/\/domkikamieniec.pl\/de\/?s={search_term_string}"},"query-input":{"@type":"PropertyValueSpecification","valueRequired":true,"valueName":"search_term_string"}}],"inLanguage":"de"},{"@type":"Organization","@id":"https:\/\/domkikamieniec.pl\/de\/#organization","name":"Domkikamieniec.pl","alternateName":"Ca\u0142oroczne ~ Domki Kamieniec ~ Marcypor\u0119ba","url":"https:\/\/domkikamieniec.pl\/de\/","logo":{"@type":"ImageObject","inLanguage":"de","@id":"https:\/\/domkikamieniec.pl\/de\/#\/schema\/logo\/image\/","url":"https:\/\/domkikamieniec.pl\/wp-content\/uploads\/2024\/01\/cropped-domki-kamieniec-logo-512x512-1.png","contentUrl":"https:\/\/domkikamieniec.pl\/wp-content\/uploads\/2024\/01\/cropped-domki-kamieniec-logo-512x512-1.png","width":512,"height":512,"caption":"Domkikamieniec.pl"},"image":{"@id":"https:\/\/domkikamieniec.pl\/de\/#\/schema\/logo\/image\/"},"sameAs":["https:\/\/www.facebook.com\/profile.php?id=61556416964708","https:\/\/www.instagram.com\/domkikamieniec\/"],"description":"Wynajem ca\u0142orocznych domk\u00f3w w Marcypor\u0119bie blisko Krakowa w woj. ma\u0142opolskim. Domki z pe\u0142n\u0105 infrastruktur\u0105: boisko, jaccuzi, sauna.","email":"domki@domkikamieniec.pl","telephone":"451258666"}]}},"_links":{"self":[{"href":"https:\/\/domkikamieniec.pl\/de\/wp-json\/wp\/v2\/pages\/1999","targetHints":{"allow":["GET"]}}],"collection":[{"href":"https:\/\/domkikamieniec.pl\/de\/wp-json\/wp\/v2\/pages"}],"about":[{"href":"https:\/\/domkikamieniec.pl\/de\/wp-json\/wp\/v2\/types\/page"}],"author":[{"embeddable":true,"href":"https:\/\/domkikamieniec.pl\/de\/wp-json\/wp\/v2\/users\/1"}],"replies":[{"embeddable":true,"href":"https:\/\/domkikamieniec.pl\/de\/wp-json\/wp\/v2\/comments?post=1999"}],"version-history":[{"count":3,"href":"https:\/\/domkikamieniec.pl\/de\/wp-json\/wp\/v2\/pages\/1999\/revisions"}],"predecessor-version":[{"id":3071,"href":"https:\/\/domkikamieniec.pl\/de\/wp-json\/wp\/v2\/pages\/1999\/revisions\/3071"}],"wp:attachment":[{"href":"https:\/\/domkikamieniec.pl\/de\/wp-json\/wp\/v2\/media?parent=1999"}],"curies":[{"name":"wp","href":"https:\/\/api.w.org\/{rel}","templated":true}]}}