{"id":1987,"date":"2024-02-13T16:52:57","date_gmt":"2024-02-13T15:52:57","guid":{"rendered":"https:\/\/domkikamieniec.pl\/bestaetigung-der-reservierung\/"},"modified":"2025-04-07T12:41:22","modified_gmt":"2025-04-07T10:41:22","slug":"bestaetigung-der-reservierung","status":"publish","type":"page","link":"https:\/\/domkikamieniec.pl\/de\/bestaetigung-der-reservierung\/","title":{"rendered":"Best\u00e4tigung der Reservierung"},"content":{"rendered":"<p>[et_pb_section fb_built=&#8220;1&#8243; custom_padding_last_edited=&#8220;on|desktop&#8220; _builder_version=&#8220;4.24.3&#8243; _module_preset=&#8220;default&#8220; background_color=&#8220;#FFFFFF&#8220; background_enable_image=&#8220;off&#8220; background_position=&#8220;top_center&#8220; min_height=&#8220;80vh&#8220; custom_margin_tablet=&#8220;&#8220; custom_margin_phone=&#8220;&#8220; custom_margin_last_edited=&#8220;on|tablet&#8220; custom_padding=&#8220;50px||50px||true|false&#8220; custom_padding_tablet=&#8220;10px||10px||true|false&#8220; custom_padding_phone=&#8220;10px||10px||true|false&#8220; global_colors_info=&#8220;{}&#8220;][et_pb_row custom_padding_last_edited=&#8220;on|tablet&#8220; _builder_version=&#8220;4.24.3&#8243; _module_preset=&#8220;default&#8220; custom_padding=&#8220;||||false|false&#8220; custom_padding_tablet=&#8220;5px||0px||false|false&#8220; custom_padding_phone=&#8220;5px||0px||false|false&#8220; global_colors_info=&#8220;{}&#8220;][et_pb_column type=&#8220;4_4&#8243; _builder_version=&#8220;4.23.4&#8243; _module_preset=&#8220;default&#8220; global_colors_info=&#8220;{}&#8220;][et_pb_text _builder_version=&#8220;4.24.3&#8243; _module_preset=&#8220;_initial&#8220; header_font=&#8220;Crimson Text||||||||&#8220; header_text_align=&#8220;center&#8220; header_text_color=&#8220;#52443b&#8220; header_line_height=&#8220;1.2em&#8220; header_2_font=&#8220;Crimson Text||||||||&#8220; header_2_text_align=&#8220;center&#8220; header_2_font_size=&#8220;40px&#8220; header_2_line_height=&#8220;1.2em&#8220; header_5_font_size=&#8220;24px&#8220; custom_margin=&#8220;||0px||false|false&#8220; animation_style=&#8220;fade&#8220; header_font_size_tablet=&#8220;32px&#8220; header_font_size_phone=&#8220;32px&#8220; header_font_size_last_edited=&#8220;on|phone&#8220; header_2_font_size_tablet=&#8220;32px&#8220; header_2_font_size_phone=&#8220;&#8220; header_2_font_size_last_edited=&#8220;on|phone&#8220; locked=&#8220;off&#8220; global_colors_info=&#8220;{}&#8220;]<\/p>\n<h2>Best\u00e4tigung der Reservierung<\/h2>\n<p>[\/et_pb_text][et_pb_divider color=&#8220;#bc7630&#8243; divider_weight=&#8220;5px&#8220; _builder_version=&#8220;4.23.4&#8243; _module_preset=&#8220;default&#8220; width=&#8220;15%&#8220; module_alignment=&#8220;center&#8220; custom_padding=&#8220;0px||0px||true|false&#8220; animation_style=&#8220;slide&#8220; animation_delay=&#8220;500ms&#8220; animation_intensity_slide=&#8220;10%&#8220; locked=&#8220;off&#8220; global_colors_info=&#8220;{}&#8220;][\/et_pb_divider][\/et_pb_column][\/et_pb_row][et_pb_row custom_padding_last_edited=&#8220;on|tablet&#8220; _builder_version=&#8220;4.24.3&#8243; _module_preset=&#8220;default&#8220; custom_padding=&#8220;||||false|false&#8220; custom_padding_tablet=&#8220;10px||||false|false&#8220; custom_padding_phone=&#8220;10px||||false|false&#8220; global_colors_info=&#8220;{}&#8220;][et_pb_column type=&#8220;4_4&#8243; _builder_version=&#8220;4.23.4&#8243; _module_preset=&#8220;default&#8220; global_colors_info=&#8220;{}&#8220;][et_pb_divider color=&#8220;rgba(82,68,59,0.2)&#8220; divider_weight=&#8220;1px&#8220; _builder_version=&#8220;4.23.4&#8243; _module_preset=&#8220;default&#8220; width=&#8220;100%&#8220; module_alignment=&#8220;center&#8220; custom_padding=&#8220;0px||0px||true|false&#8220; animation_style=&#8220;slide&#8220; animation_delay=&#8220;500ms&#8220; animation_intensity_slide=&#8220;10%&#8220; locked=&#8220;off&#8220; global_colors_info=&#8220;{}&#8220;][\/et_pb_divider][\/et_pb_column][\/et_pb_row][et_pb_row _builder_version=&#8220;4.24.2&#8243; _module_preset=&#8220;default&#8220; custom_padding=&#8220;0px||0px||false|false&#8220; global_colors_info=&#8220;{}&#8220;][et_pb_column type=&#8220;4_4&#8243; _builder_version=&#8220;4.23.4&#8243; _module_preset=&#8220;default&#8220; global_colors_info=&#8220;{}&#8220;][mphb-divi-checkout class=&#8220;kma-rezerwacja&#8220; disabled_on=&#8220;off|off|off&#8220; _builder_version=&#8220;4.27.0&#8243; _module_preset=&#8220;default&#8220; module_text_align=&#8220;center&#8220; text_orientation=&#8220;center&#8220; custom_padding=&#8220;|5px||5px|false|true&#8220; hover_enabled=&#8220;0&#8243; global_colors_info=&#8220;{}&#8220; sticky_enabled=&#8220;0&#8243;][\/mphb-divi-checkout][et_pb_text disabled_on=&#8220;on|on|on&#8220; _builder_version=&#8220;4.27.0&#8243; _module_preset=&#8220;default&#8220; hover_enabled=&#8220;0&#8243; disabled=&#8220;on&#8220; global_colors_info=&#8220;{}&#8220; sticky_enabled=&#8220;0&#8243;]<\/p>\n<div class=\"mphb_sc_checkout-wrapper \"><\/div>\n<p>[\/et_pb_text][et_pb_code disabled_on=&#8220;off|off|off&#8220; _builder_version=&#8220;4.27.0&#8243; _module_preset=&#8220;default&#8220; hover_enabled=&#8220;0&#8243; global_colors_info=&#8220;{}&#8220; sticky_enabled=&#8220;0&#8243;]<script><!-- [et_pb_line_break_holder] -->    window.addEventListener('load', function() {<!-- [et_pb_line_break_holder] -->        var roomDetails = document.querySelectorAll('.mphb-room-details');<!-- [et_pb_line_break_holder] -->        <!-- [et_pb_line_break_holder] -->        \/\/ Check if there's only one room detail<!-- [et_pb_line_break_holder] -->        if (roomDetails.length === 1) {<!-- [et_pb_line_break_holder] -->            roomDetails[0].style.width = '100%';<!-- [et_pb_line_break_holder] -->        }<!-- [et_pb_line_break_holder] -->    });<!-- [et_pb_line_break_holder] --><\/script>[\/et_pb_code][\/et_pb_column][\/et_pb_row][\/et_pb_section]<\/p>\n","protected":false},"excerpt":{"rendered":"<p>Best\u00e4tigung der Reservierung<div class=\"et_pb_module mphb-divi-checkout mphb-divi-checkout_0\">\n\t\t\t\t\n\t\t\t\t\n\t\t\t\t\n\t\t\t\t\n\t\t\t\t\n\t\t\t\t\n\t\t\t\t<div class=\"et_pb_module_inner\">\n\t\t\t\t\t<div class=\"mphb_sc_checkout-wrapper kma-rezerwacja\"><\/div>\n\t\t\t\t<\/div>\n\t\t\t<\/div><div class=\"mphb_sc_checkout-wrapper \"><\/div><\/p>\n","protected":false},"author":1,"featured_media":0,"parent":0,"menu_order":0,"comment_status":"closed","ping_status":"closed","template":"","meta":{"_et_pb_use_builder":"on","_et_pb_old_content":"","_et_gb_content_width":"","footnotes":""},"class_list":["post-1987","page","type-page","status-publish","hentry"],"yoast_head":"<!-- This site is optimized with the Yoast SEO Premium plugin v25.8 (Yoast SEO v25.8) - https:\/\/yoast.com\/wordpress\/plugins\/seo\/ -->\n<title>Best\u00e4tigung der Reservierung - Ca\u0142oroczne Domki Kamieniec - Wynajem Marcypor\u0119ba Krak\u00f3w<\/title>\n<meta name=\"description\" content=\"Best\u00e4tigung der Reservierung wynajem domk\u00f3w z jacuzzi i z saun\u0105 Marcypor\u0119ba, domek wynajem Kamieniec k. Krakowa, ma\u0142opolskie, rodzinny wypoczynek domki Dolny \u015al\u0105sk, domki z saun\u0105 z placem zabaw Marcypor\u0119ba\" \/>\n<meta name=\"robots\" content=\"index, follow, max-snippet:-1, max-image-preview:large, max-video-preview:-1\" \/>\n<link rel=\"canonical\" href=\"https:\/\/domkikamieniec.pl\/de\/bestaetigung-der-reservierung\/\" \/>\n<meta property=\"og:locale\" content=\"de_DE\" \/>\n<meta property=\"og:type\" content=\"article\" \/>\n<meta property=\"og:title\" content=\"Best\u00e4tigung der Reservierung\" \/>\n<meta property=\"og:description\" content=\"Wynajem domk\u00f3w z jacuzzi i z saun\u0105, domek wynajem Kamieniec Marcypor\u0119ba k. Krakowa, ma\u0142opolskie, rodzinny wypoczynek domki Dolny \u015al\u0105sk, domki z saun\u0105 z placem zabaw Marcypor\u0119ba\" \/>\n<meta property=\"og:url\" content=\"https:\/\/domkikamieniec.pl\/de\/bestaetigung-der-reservierung\/\" \/>\n<meta property=\"og:site_name\" content=\"Ca\u0142oroczne Domki Kamieniec - Wynajem Marcypor\u0119ba Krak\u00f3w\" \/>\n<meta property=\"article:publisher\" content=\"https:\/\/www.facebook.com\/profile.php?id=61556416964708\" \/>\n<meta property=\"article:modified_time\" content=\"2025-04-07T10:41:22+00:00\" \/>\n<meta property=\"og:image\" content=\"https:\/\/domkikamieniec.pl\/wp-content\/uploads\/2024\/01\/domki-kamieniec-caloroczne-domki-galeria-60.jpg\" \/>\n\t<meta property=\"og:image:width\" content=\"1400\" \/>\n\t<meta property=\"og:image:height\" content=\"1050\" \/>\n\t<meta property=\"og:image:type\" content=\"image\/jpeg\" \/>\n<meta name=\"twitter:card\" content=\"summary_large_image\" \/>\n<meta name=\"twitter:label1\" content=\"Gesch\u00e4tzte Lesezeit\" \/>\n\t<meta name=\"twitter:data1\" content=\"2\u00a0Minuten\" \/>\n<script type=\"application\/ld+json\" class=\"yoast-schema-graph\">{\"@context\":\"https:\/\/schema.org\",\"@graph\":[{\"@type\":\"WebPage\",\"@id\":\"https:\/\/domkikamieniec.pl\/de\/bestaetigung-der-reservierung\/\",\"url\":\"https:\/\/domkikamieniec.pl\/de\/bestaetigung-der-reservierung\/\",\"name\":\"Best\u00e4tigung der Reservierung - Ca\u0142oroczne Domki Kamieniec - Wynajem Marcypor\u0119ba Krak\u00f3w\",\"isPartOf\":{\"@id\":\"https:\/\/domkikamieniec.pl\/de\/#website\"},\"datePublished\":\"2024-02-13T15:52:57+00:00\",\"dateModified\":\"2025-04-07T10:41:22+00:00\",\"description\":\"Best\u00e4tigung der Reservierung wynajem domk\u00f3w z jacuzzi i z saun\u0105 Marcypor\u0119ba, domek wynajem Kamieniec k. Krakowa, ma\u0142opolskie, rodzinny wypoczynek domki Dolny \u015al\u0105sk, domki z saun\u0105 z placem zabaw Marcypor\u0119ba\",\"breadcrumb\":{\"@id\":\"https:\/\/domkikamieniec.pl\/de\/bestaetigung-der-reservierung\/#breadcrumb\"},\"inLanguage\":\"de\",\"potentialAction\":[{\"@type\":\"ReadAction\",\"target\":[\"https:\/\/domkikamieniec.pl\/de\/bestaetigung-der-reservierung\/\"]}]},{\"@type\":\"BreadcrumbList\",\"@id\":\"https:\/\/domkikamieniec.pl\/de\/bestaetigung-der-reservierung\/#breadcrumb\",\"itemListElement\":[{\"@type\":\"ListItem\",\"position\":1,\"name\":\"Strona g\u0142\u00f3wna\",\"item\":\"https:\/\/domkikamieniec.pl\/de\/\"},{\"@type\":\"ListItem\",\"position\":2,\"name\":\"Best\u00e4tigung der Reservierung\"}]},{\"@type\":\"WebSite\",\"@id\":\"https:\/\/domkikamieniec.pl\/de\/#website\",\"url\":\"https:\/\/domkikamieniec.pl\/de\/\",\"name\":\"Domki Kamieniec - Luksus w sercu natury Marcypor\u0119ba blisko Krakowa\",\"description\":\"Wynajem ca\u0142orocznych Domk\u00f3w - Luksus w sercu natury\",\"publisher\":{\"@id\":\"https:\/\/domkikamieniec.pl\/de\/#organization\"},\"alternateName\":\"Domki Kamieniec Marcypor\u0119ba \/ Krak\u00f3w\",\"potentialAction\":[{\"@type\":\"SearchAction\",\"target\":{\"@type\":\"EntryPoint\",\"urlTemplate\":\"https:\/\/domkikamieniec.pl\/de\/?s={search_term_string}\"},\"query-input\":{\"@type\":\"PropertyValueSpecification\",\"valueRequired\":true,\"valueName\":\"search_term_string\"}}],\"inLanguage\":\"de\"},{\"@type\":\"Organization\",\"@id\":\"https:\/\/domkikamieniec.pl\/de\/#organization\",\"name\":\"Domkikamieniec.pl\",\"alternateName\":\"Ca\u0142oroczne ~ Domki Kamieniec ~ Marcypor\u0119ba\",\"url\":\"https:\/\/domkikamieniec.pl\/de\/\",\"logo\":{\"@type\":\"ImageObject\",\"inLanguage\":\"de\",\"@id\":\"https:\/\/domkikamieniec.pl\/de\/#\/schema\/logo\/image\/\",\"url\":\"https:\/\/domkikamieniec.pl\/wp-content\/uploads\/2024\/01\/cropped-domki-kamieniec-logo-512x512-1.png\",\"contentUrl\":\"https:\/\/domkikamieniec.pl\/wp-content\/uploads\/2024\/01\/cropped-domki-kamieniec-logo-512x512-1.png\",\"width\":512,\"height\":512,\"caption\":\"Domkikamieniec.pl\"},\"image\":{\"@id\":\"https:\/\/domkikamieniec.pl\/de\/#\/schema\/logo\/image\/\"},\"sameAs\":[\"https:\/\/www.facebook.com\/profile.php?id=61556416964708\",\"https:\/\/www.instagram.com\/domkikamieniec\/\"],\"description\":\"Wynajem ca\u0142orocznych domk\u00f3w w Marcypor\u0119bie blisko Krakowa w woj. ma\u0142opolskim. Domki z pe\u0142n\u0105 infrastruktur\u0105: boisko, jaccuzi, sauna.\",\"email\":\"domki@domkikamieniec.pl\",\"telephone\":\"451258666\"}]}<\/script>\n<!-- \/ Yoast SEO Premium plugin. -->","yoast_head_json":{"title":"Best\u00e4tigung der Reservierung - Ca\u0142oroczne Domki Kamieniec - Wynajem Marcypor\u0119ba Krak\u00f3w","description":"Best\u00e4tigung der Reservierung wynajem domk\u00f3w z jacuzzi i z saun\u0105 Marcypor\u0119ba, domek wynajem Kamieniec k. Krakowa, ma\u0142opolskie, rodzinny wypoczynek domki Dolny \u015al\u0105sk, domki z saun\u0105 z placem zabaw Marcypor\u0119ba","robots":{"index":"index","follow":"follow","max-snippet":"max-snippet:-1","max-image-preview":"max-image-preview:large","max-video-preview":"max-video-preview:-1"},"canonical":"https:\/\/domkikamieniec.pl\/de\/bestaetigung-der-reservierung\/","og_locale":"de_DE","og_type":"article","og_title":"Best\u00e4tigung der Reservierung","og_description":"Wynajem domk\u00f3w z jacuzzi i z saun\u0105, domek wynajem Kamieniec Marcypor\u0119ba k. Krakowa, ma\u0142opolskie, rodzinny wypoczynek domki Dolny \u015al\u0105sk, domki z saun\u0105 z placem zabaw Marcypor\u0119ba","og_url":"https:\/\/domkikamieniec.pl\/de\/bestaetigung-der-reservierung\/","og_site_name":"Ca\u0142oroczne Domki Kamieniec - Wynajem Marcypor\u0119ba Krak\u00f3w","article_publisher":"https:\/\/www.facebook.com\/profile.php?id=61556416964708","article_modified_time":"2025-04-07T10:41:22+00:00","og_image":[{"width":1400,"height":1050,"url":"https:\/\/domkikamieniec.pl\/wp-content\/uploads\/2024\/01\/domki-kamieniec-caloroczne-domki-galeria-60.jpg","type":"image\/jpeg"}],"twitter_card":"summary_large_image","twitter_misc":{"Gesch\u00e4tzte Lesezeit":"2\u00a0Minuten"},"schema":{"@context":"https:\/\/schema.org","@graph":[{"@type":"WebPage","@id":"https:\/\/domkikamieniec.pl\/de\/bestaetigung-der-reservierung\/","url":"https:\/\/domkikamieniec.pl\/de\/bestaetigung-der-reservierung\/","name":"Best\u00e4tigung der Reservierung - Ca\u0142oroczne Domki Kamieniec - Wynajem Marcypor\u0119ba Krak\u00f3w","isPartOf":{"@id":"https:\/\/domkikamieniec.pl\/de\/#website"},"datePublished":"2024-02-13T15:52:57+00:00","dateModified":"2025-04-07T10:41:22+00:00","description":"Best\u00e4tigung der Reservierung wynajem domk\u00f3w z jacuzzi i z saun\u0105 Marcypor\u0119ba, domek wynajem Kamieniec k. Krakowa, ma\u0142opolskie, rodzinny wypoczynek domki Dolny \u015al\u0105sk, domki z saun\u0105 z placem zabaw Marcypor\u0119ba","breadcrumb":{"@id":"https:\/\/domkikamieniec.pl\/de\/bestaetigung-der-reservierung\/#breadcrumb"},"inLanguage":"de","potentialAction":[{"@type":"ReadAction","target":["https:\/\/domkikamieniec.pl\/de\/bestaetigung-der-reservierung\/"]}]},{"@type":"BreadcrumbList","@id":"https:\/\/domkikamieniec.pl\/de\/bestaetigung-der-reservierung\/#breadcrumb","itemListElement":[{"@type":"ListItem","position":1,"name":"Strona g\u0142\u00f3wna","item":"https:\/\/domkikamieniec.pl\/de\/"},{"@type":"ListItem","position":2,"name":"Best\u00e4tigung der Reservierung"}]},{"@type":"WebSite","@id":"https:\/\/domkikamieniec.pl\/de\/#website","url":"https:\/\/domkikamieniec.pl\/de\/","name":"Domki Kamieniec - Luksus w sercu natury Marcypor\u0119ba blisko Krakowa","description":"Wynajem ca\u0142orocznych Domk\u00f3w - Luksus w sercu natury","publisher":{"@id":"https:\/\/domkikamieniec.pl\/de\/#organization"},"alternateName":"Domki Kamieniec Marcypor\u0119ba \/ Krak\u00f3w","potentialAction":[{"@type":"SearchAction","target":{"@type":"EntryPoint","urlTemplate":"https:\/\/domkikamieniec.pl\/de\/?s={search_term_string}"},"query-input":{"@type":"PropertyValueSpecification","valueRequired":true,"valueName":"search_term_string"}}],"inLanguage":"de"},{"@type":"Organization","@id":"https:\/\/domkikamieniec.pl\/de\/#organization","name":"Domkikamieniec.pl","alternateName":"Ca\u0142oroczne ~ Domki Kamieniec ~ Marcypor\u0119ba","url":"https:\/\/domkikamieniec.pl\/de\/","logo":{"@type":"ImageObject","inLanguage":"de","@id":"https:\/\/domkikamieniec.pl\/de\/#\/schema\/logo\/image\/","url":"https:\/\/domkikamieniec.pl\/wp-content\/uploads\/2024\/01\/cropped-domki-kamieniec-logo-512x512-1.png","contentUrl":"https:\/\/domkikamieniec.pl\/wp-content\/uploads\/2024\/01\/cropped-domki-kamieniec-logo-512x512-1.png","width":512,"height":512,"caption":"Domkikamieniec.pl"},"image":{"@id":"https:\/\/domkikamieniec.pl\/de\/#\/schema\/logo\/image\/"},"sameAs":["https:\/\/www.facebook.com\/profile.php?id=61556416964708","https:\/\/www.instagram.com\/domkikamieniec\/"],"description":"Wynajem ca\u0142orocznych domk\u00f3w w Marcypor\u0119bie blisko Krakowa w woj. ma\u0142opolskim. Domki z pe\u0142n\u0105 infrastruktur\u0105: boisko, jaccuzi, sauna.","email":"domki@domkikamieniec.pl","telephone":"451258666"}]}},"_links":{"self":[{"href":"https:\/\/domkikamieniec.pl\/de\/wp-json\/wp\/v2\/pages\/1987","targetHints":{"allow":["GET"]}}],"collection":[{"href":"https:\/\/domkikamieniec.pl\/de\/wp-json\/wp\/v2\/pages"}],"about":[{"href":"https:\/\/domkikamieniec.pl\/de\/wp-json\/wp\/v2\/types\/page"}],"author":[{"embeddable":true,"href":"https:\/\/domkikamieniec.pl\/de\/wp-json\/wp\/v2\/users\/1"}],"replies":[{"embeddable":true,"href":"https:\/\/domkikamieniec.pl\/de\/wp-json\/wp\/v2\/comments?post=1987"}],"version-history":[{"count":3,"href":"https:\/\/domkikamieniec.pl\/de\/wp-json\/wp\/v2\/pages\/1987\/revisions"}],"predecessor-version":[{"id":3118,"href":"https:\/\/domkikamieniec.pl\/de\/wp-json\/wp\/v2\/pages\/1987\/revisions\/3118"}],"wp:attachment":[{"href":"https:\/\/domkikamieniec.pl\/de\/wp-json\/wp\/v2\/media?parent=1987"}],"curies":[{"name":"wp","href":"https:\/\/api.w.org\/{rel}","templated":true}]}}